{"id":3254,"date":"2023-04-19T11:29:40","date_gmt":"2023-04-19T09:29:40","guid":{"rendered":"https:\/\/istrabenzplini.pakt.si\/?page_id=3254"},"modified":"2024-08-20T14:03:21","modified_gmt":"2024-08-20T12:03:21","slug":"for-new-users","status":"publish","type":"page","link":"https:\/\/www.istrabenzplini.hr\/en\/lpg-in-bulks\/for-households\/for-new-users\/","title":{"rendered":"For new users"},"content":{"rendered":"\n\t<section class=\"section\" id=\"section_853573313\">\n\t\t<div class=\"section-bg fill\" >\n\t\t\t<img loading=\"lazy\" decoding=\"async\" width=\"2000\" height=\"1196\" src=\"https:\/\/www.istrabenzplini.hr\/wp-content\/uploads\/2023\/07\/UPN-v-plinohramih-za-dom.jpg\" class=\"bg attachment-original size-original\" alt=\"\" title=\"\">\t\t\t\t\t\t<div class=\"section-bg-overlay absolute fill\"><\/div>\n\t\t\t\n\n\t\t<\/div>\n\n\t\t\n\n\t\t<div class=\"section-content relative\">\n\t\t\t\n<div class=\"row\"  id=\"row-70636893\">\n\n\t<div id=\"col-779179443\" class=\"col pb-0 mainsec-pl medium-12 small-12 large-7\"  >\n\t\t\t\t<div class=\"col-inner\"  >\n\t\t\t\n\t\t\t\n<div class=\"row\"  id=\"row-2108407254\">\n\n\t<div id=\"col-1291774898\" class=\"col pb-0 col-mainsec small-12 large-12\"  >\n\t\t\t\t<div class=\"col-inner\"  >\n\t\t\t\n\t\t\t\n\t<div id=\"text-1289239514\" class=\"text\">\n\t\t\n<h1 class=\"main-tit\">Za nove korisnike<\/h1>\n<p class=\"main-desc bigger\">Za sve one koji se prvi put susre\u0107u s ukapljenim naftnim plinom i \u017eele neovisnu, ekolo\u0161ku i svestranu opskrbu energijom.<\/p>\n\t\t\n<style>\n#text-1289239514 {\n  color: rgb(255,255,255);\n}\n#text-1289239514 > * {\n  color: rgb(255,255,255);\n}\n<\/style>\n\t<\/div>\n\t\n\t\t<\/div>\n\t\t\t\t\t<\/div>\n\n\t\n<\/div>\n\t\t<\/div>\n\t\t\t\t\t<\/div>\n\n\t\n<\/div>\n\t\t<\/div>\n\n\t\t\n<style>\n#section_853573313 {\n  padding-top: 65px;\n  padding-bottom: 65px;\n  min-height: 0vh;\n}\n#section_853573313 .section-bg-overlay {\n  background-color: rgba(8, 63, 136, 0.575);\n}\n#section_853573313 .section-bg img {\n  object-position: 93% 83%;\n}\n@media (min-width:850px) {\n  #section_853573313 {\n    padding-top: 100px;\n    padding-bottom: 100px;\n    min-height: 71vh;\n  }\n}\n<\/style>\n\t<\/section>\n\t\n<div class=\"row align-middle breadcrump\"  id=\"row-693157371\">\n\n\t<div id=\"col-288683447\" class=\"col pb-0 small-12 large-12\"  >\n\t\t\t\t<div class=\"col-inner\"  >\n\t\t\t\n\t\t\t\n\t\t<div class=\"pb-0\">\n\t\t\t\t\n<nav aria-label=\"breadcrumbs\" class=\"rank-math-breadcrumb\"><p><\/p><\/nav>\n\t\t<\/div>\n\t\n\t\t<\/div>\n\t\t\t\t\t<\/div>\n\n\t\n<\/div>\n<span class=\"scroll-to\" data-label=\"Scroll to: #zamenjajte-energent\" data-bullet=\"false\" data-link=\"#zamenjajte-energent\" data-title=\"Zamenjajte energent!\"><a name=\"zamenjajte-energent\"><\/a><\/span>\n\n\t<section class=\"section\" id=\"section_2018879564\">\n\t\t<div class=\"section-bg fill\" >\n\t\t\t\t\t\t\t\t\t\n\t\t\t\n\n\t\t<\/div>\n\n\t\t\n\n\t\t<div class=\"section-content relative\">\n\t\t\t\n<div class=\"row\"  id=\"row-405911237\">\n\n\t<div id=\"col-1113794690\" class=\"col pb-0 brd medium-12 small-12 large-9\"  >\n\t\t\t\t<div class=\"col-inner\"  >\n\t\t\t\n\t<div class=\"is-border\"\n\t\tstyle=\"border-width:0px 1px 0px 0px;margin:0px 1px 0px 0px;\">\n\t<\/div>\n\t\t\t\n<div class=\"row\"  id=\"row-617539457\">\n\n\t<div id=\"col-1810860044\" class=\"col small-12 large-12\"  >\n\t\t\t\t<div class=\"col-inner\" style=\"background-color:#083f88;\" >\n\t\t\t\n\t\t\t\n\t<div id=\"gap-1330411958\" class=\"gap-element clearfix\" style=\"display:block; height:auto;\">\n\t\t\n<style>\n#gap-1330411958 {\n  padding-top: 30px;\n}\n<\/style>\n\t<\/div>\n\t\n\t<div id=\"text-1192457657\" class=\"text\">\n\t\t\n<h2 class=\"s-tit bfr-blue white-c\">Zamijenite energent!<\/h2>\n<p><span style=\"font-weight: 400;\">Zamijenite lo\u017eivo ulje ili tvrdo gorivo za ukapljeni naftni plin \u2013 pojednostavite kori\u0161tenje i osigurajte energetsku neovisnost.<\/span><\/p>\n\t\t\n<style>\n#text-1192457657 {\n  color: rgb(255,255,255);\n}\n#text-1192457657 > * {\n  color: rgb(255,255,255);\n}\n<\/style>\n\t<\/div>\n\t\n<a href=\"\/en\/contact\/ask-more\/\" class=\"button primary btn-green ask-us\" >\n\t\t<span>Po\u0161aljite upit<\/span>\n\t<\/a>\n\n\t\t<\/div>\n\t\t\t\t\n<style>\n#col-1810860044 > .col-inner {\n  padding: 0px 30px 15px 30px;\n  border-radius: 5px;\n}\n<\/style>\n\t<\/div>\n\n\t\n<\/div>\n<span class=\"scroll-to\" data-label=\"Scroll to: #plinohram\" data-bullet=\"false\" data-link=\"#plinohram\" data-title=\"Plinohram \u2013 popolna neodvisnost od omre\u017eja\"><a name=\"plinohram\"><\/a><\/span>\n<h2 class=\"s-tit bfr-blue\">Spremnik \u2013 potpuna neovisnost od mre\u017ee<\/h2>\n<p>Kao korisnik spremnika uz ku\u0107u odlu\u010dujete se za neovisnost o mre\u017ei, \u0161to vam nudi najvi\u0161u razinu pouzdanosti i bezbri\u017eno kori\u0161tenje energenta.<\/p>\n<p>Poduze\u0107e Istrabenz plini nude vam <strong>brz i jednostavan prijelaz<\/strong> na pouzdanu, <strong>udobnu, sigurnu i ekolo\u0161ki prihvatljivu energiju<\/strong>, svestranu za grijanje i hla\u0111enje, pripremu tople potro\u0161ne vode i kuhanje.<\/p>\n<p>Istrabenz plini pru\u017ea cjelovito rje\u0161enje za uspostavu kori\u0161tenja ukapljenog naftnog plina klju\u010d u ruke \u2013 od besplatnog pregleda objekta, stru\u010dnog savjetovanja kod ku\u0107e, ugradnje i priklju\u010denja spremnika, plinske instalacije i opreme do usluge nadzornog odr\u017eavanja.<\/p>\n\t<div id=\"gap-680805972\" class=\"gap-element clearfix\" style=\"display:block; height:auto;\">\n\t\t\n<style>\n#gap-680805972 {\n  padding-top: 30px;\n}\n<\/style>\n\t<\/div>\n\t\n<span class=\"scroll-to\" data-label=\"Scroll to: #preprosta-in-hitra-pot-do-energije-za-vas-dom\" data-bullet=\"false\" data-link=\"#preprosta-in-hitra-pot-do-energije-za-vas-dom\" data-title=\"Preprosta in hitra pot do energije za va\u0161 dom\"><a name=\"preprosta-in-hitra-pot-do-energije-za-vas-dom\"><\/a><\/span>\n<h2 class=\"s-tit bfr-blue\">Jednostavan i brz put do energije za va\u0161 dom<\/h2>\n\t<div id=\"gap-455100587\" class=\"gap-element clearfix\" style=\"display:block; height:auto;\">\n\t\t\n<style>\n#gap-455100587 {\n  padding-top: 15px;\n}\n<\/style>\n\t<\/div>\n\t\n\t<div id=\"text-214708331\" class=\"text\">\n\t\t\n<h3 class=\"s-tit bfr-green\">Najam spremnika<\/h3>\n\t\t\n<style>\n#text-214708331 {\n  font-size: 1.25rem;\n}\n<\/style>\n\t<\/div>\n\t\n\t<div id=\"gap-197260954\" class=\"gap-element clearfix\" style=\"display:block; height:auto;\">\n\t\t\n<style>\n#gap-197260954 {\n  padding-top: 15px;\n}\n<\/style>\n\t<\/div>\n\t\n\t<div class=\"img has-hover x md-x lg-x y md-y lg-y\" id=\"image_1766166456\">\n\t\t\t\t\t\t\t\t<div class=\"img-inner dark\" >\n\t\t\t<img loading=\"lazy\" decoding=\"async\" width=\"1100\" height=\"400\" src=\"https:\/\/www.istrabenzplini.hr\/wp-content\/uploads\/podzemni-plinogram.png\" class=\"attachment-original size-original\" alt=\"\" srcset=\"https:\/\/www.istrabenzplini.hr\/wp-content\/uploads\/podzemni-plinogram.png 1100w, https:\/\/www.istrabenzplini.hr\/wp-content\/uploads\/podzemni-plinogram-300x109.png 300w, https:\/\/www.istrabenzplini.hr\/wp-content\/uploads\/podzemni-plinogram-1024x372.png 1024w, https:\/\/www.istrabenzplini.hr\/wp-content\/uploads\/podzemni-plinogram-768x279.png 768w\" sizes=\"auto, (max-width: 1100px) 100vw, 1100px\" title=\"\">\t\t\t\t\t\t\n\t\t\t\t\t<\/div>\n\t\t\t\t\t\t\t\t\n<style>\n#image_1766166456 {\n  width: 100%;\n}\n<\/style>\n\t<\/div>\n\t\n<p><strong>Podzemni spremnici<\/strong> idealan su na\u010din za o\u010duvanje lijepog i prostranog vrta.<\/p>\n<p>Iznad tla nalazi se samo poklopac koji je namijenjen za punjenje i obavljanje propisanih pregleda. Pri ni\u017eim temperaturama zimi, ova vrsta spremnika tako\u0111er pru\u017ea ne\u0161to ve\u0107u koli\u010dinu isparenog plina nego skladi\u0161tenje u nadzemnom spremniku.<\/p>\n<p>Nudimo i rje\u0161enje za terene gdje je prisutna <strong>podzemna voda<\/strong>. Spremnik dodatno se u\u010dvr\u0161\u0107uje sidrenjem.<\/p>\n\t<div class=\"img has-hover bord-r x md-x lg-x y md-y lg-y\" id=\"image_909920484\">\n\t\t\t\t\t\t\t\t<div class=\"img-inner dark\" >\n\t\t\t<img loading=\"lazy\" decoding=\"async\" width=\"1100\" height=\"400\" src=\"https:\/\/www.istrabenzplini.hr\/wp-content\/uploads\/2023\/08\/nadzemni-plinohram.jpg\" class=\"attachment-original size-original\" alt=\"\" srcset=\"https:\/\/www.istrabenzplini.hr\/wp-content\/uploads\/2023\/08\/nadzemni-plinohram.jpg 1100w, https:\/\/www.istrabenzplini.hr\/wp-content\/uploads\/2023\/08\/nadzemni-plinohram-800x291.jpg 800w, https:\/\/www.istrabenzplini.hr\/wp-content\/uploads\/2023\/08\/nadzemni-plinohram-768x279.jpg 768w\" sizes=\"auto, (max-width: 1100px) 100vw, 1100px\" title=\"\">\t\t\t\t\t\t\n\t\t\t\t\t<\/div>\n\t\t\t\t\t\t\t\t\n<style>\n#image_909920484 {\n  width: 100%;\n}\n<\/style>\n\t<\/div>\n\t\n<p><strong>Nadzemni spremnici<\/strong> postavljaju se na otvorenom, izvan zgrada, jer su za\u0161ti\u0107ene od korozije. U skladu s va\u0161im \u017eeljama i zakonskim sigurnosnim udaljenostima, zajedno s na\u0161im stru\u010dnjakom odabrat \u0107ete najprikladniju lokaciju.<\/p>\n\t<div id=\"gap-1079074125\" class=\"gap-element clearfix\" style=\"display:block; height:auto;\">\n\t\t\n<style>\n#gap-1079074125 {\n  padding-top: 5px;\n}\n<\/style>\n\t<\/div>\n\t\n<div class=\"row\"  id=\"row-1852029302\">\n\n\t<div id=\"col-287481801\" class=\"col small-12 large-12\"  >\n\t\t\t\t<div class=\"col-inner\" style=\"background-color:#60bb46;\" >\n\t\t\t\n\t\t\t\n<span class=\"scroll-to\" data-label=\"Scroll to: #se-odlocate-za-najem-plinohrama\" data-bullet=\"false\" data-link=\"#se-odlocate-za-najem-plinohrama\" data-title=\"Se odlo\u010date za najem plinohrama?\"><a name=\"se-odlocate-za-najem-plinohrama\"><\/a><\/span>\n\t<div id=\"gap-856122348\" class=\"gap-element clearfix\" style=\"display:block; height:auto;\">\n\t\t\n<style>\n#gap-856122348 {\n  padding-top: 30px;\n}\n<\/style>\n\t<\/div>\n\t\n\t<div id=\"text-2105103758\" class=\"text\">\n\t\t\n<h2 class=\"s-tit bfr-blue \">Odlu\u010dujete li se za najam spremnika?<\/h2>\n\t\t\n<style>\n#text-2105103758 {\n  color: rgb(255,255,255);\n}\n#text-2105103758 > * {\n  color: rgb(255,255,255);\n}\n<\/style>\n\t<\/div>\n\t\n\t<div id=\"text-1963657182\" class=\"text\">\n\t\t\n<p><span style=\"font-weight: 400;\">Po\u0161aljite nam upit i pripremit \u0107emo ponudu za najam nadzemnog ili podzemnog spremnika.<\/span><\/p>\n\t\t\n<style>\n#text-1963657182 {\n  color: rgb(255,255,255);\n}\n#text-1963657182 > * {\n  color: rgb(255,255,255);\n}\n<\/style>\n\t<\/div>\n\t\n<a href=\"\/en\/contact\/ask-more\/\" class=\"button primary btn-green ask-us blue-c\" >\n\t\t<span>Po\u0161aljite upit<\/span>\n\t<\/a>\n\n\t\t<\/div>\n\t\t\t\t\n<style>\n#col-287481801 > .col-inner {\n  padding: 0px 30px 15px 30px;\n  border-radius: 5px;\n}\n<\/style>\n\t<\/div>\n\n\t\n<\/div>\n\t<div id=\"text-1949883359\" class=\"text\">\n\t\t\n<h3 class=\"s-tit bfr-green\">Jeste li vlasnik spremnika?<\/h3>\n\t\t\n<style>\n#text-1949883359 {\n  font-size: 1.25rem;\n}\n<\/style>\n\t<\/div>\n\t\n<p><span style=\"font-weight: 400;\">Ako imate spremnik, mo\u017eete nam ga <strong>prodati<\/strong> kako biste <strong>smanjili tro\u0161kove odr\u017eavanja<\/strong>. Time se vlasni\u0161tvo i briga o odr\u017eavanju prenose na dru\u0161tvo Istrabenz plini. Time se izbjegavaju svi <span style=\"text-decoration: underline;\"><a href=\"\/en\/help-and-support\/lpg-in-bulks\/\">tro\u0161kovi odr\u017eavanja spremnika, zakonskih pregleda i ispitivanja<\/a><\/span>. Po\u0161aljite nam upit o prodaji spremnika kako bismo sve probleme i tro\u0161kove odr\u017eavanja prenijeli na Istrabenz plini.<\/span><\/p>\n\t<div class=\"img has-hover bord-r x md-x lg-x y md-y lg-y\" id=\"image_691187129\">\n\t\t\t\t\t\t\t\t<div class=\"img-inner dark\" >\n\t\t\t<img loading=\"lazy\" decoding=\"async\" width=\"1100\" height=\"400\" src=\"https:\/\/www.istrabenzplini.hr\/wp-content\/uploads\/2023\/08\/stevci.jpg\" class=\"attachment-original size-original\" alt=\"\" srcset=\"https:\/\/www.istrabenzplini.hr\/wp-content\/uploads\/2023\/08\/stevci.jpg 1100w, https:\/\/www.istrabenzplini.hr\/wp-content\/uploads\/2023\/08\/stevci-800x291.jpg 800w, https:\/\/www.istrabenzplini.hr\/wp-content\/uploads\/2023\/08\/stevci-768x279.jpg 768w\" sizes=\"auto, (max-width: 1100px) 100vw, 1100px\" title=\"\">\t\t\t\t\t\t\n\t\t\t\t\t<\/div>\n\t\t\t\t\t\t\t\t\n<style>\n#image_691187129 {\n  width: 100%;\n}\n<\/style>\n\t<\/div>\n\t\n\t<div id=\"gap-2008980394\" class=\"gap-element clearfix\" style=\"display:block; height:auto;\">\n\t\t\n<style>\n#gap-2008980394 {\n  padding-top: 15px;\n}\n<\/style>\n\t<\/div>\n\t\n\t<div id=\"text-3827877794\" class=\"text\">\n\t\t\n<h3 class=\"s-tit bfr-green\">Lokalna plinska mre\u017ea UNP<\/h3>\n\t\t\n<style>\n#text-3827877794 {\n  font-size: 1.25rem;\n}\n<\/style>\n\t<\/div>\n\t\n<p>U gusto naseljenim podru\u010djima uspostavljamo <strong>plinovodne mre\u017ee i plinske postaje<\/strong> te korisnicima plina osiguravamo pouzdanu opskrbu ukapljenim naftnim plinom i pla\u0107anje prema stvarnoj potro\u0161nji plina.<\/p>\n<div class=\"row\"  id=\"row-1303505493\">\n\n\t<div id=\"col-220300323\" class=\"col small-12 large-12\"  >\n\t\t\t\t<div class=\"col-inner\" style=\"background-color:#083f88;\" >\n\t\t\t\n\t\t\t\n<span class=\"scroll-to\" data-label=\"Scroll to: #oddajte-povprasevanje-za-plinohram\" data-bullet=\"false\" data-link=\"#oddajte-povprasevanje-za-plinohram\" data-title=\"Oddajte povpra\u0161evanje za plinohram\"><a name=\"oddajte-povprasevanje-za-plinohram\"><\/a><\/span>\n\t<div id=\"gap-1905084206\" class=\"gap-element clearfix\" style=\"display:block; height:auto;\">\n\t\t\n<style>\n#gap-1905084206 {\n  padding-top: 30px;\n}\n<\/style>\n\t<\/div>\n\t\n\t<div id=\"text-211123263\" class=\"text\">\n\t\t\n<h2 class=\"s-tit bfr-blue white-c\">Po\u0161aljite upit<\/h2>\n<p>Ispunite obrazac u nastavku i na\u0161i stru\u010dnjaci \u0107e vam se javiti u najkra\u0107em mogu\u0107em roku.<\/p>\n\t\t\n<style>\n#text-211123263 {\n  color: rgb(255,255,255);\n}\n#text-211123263 > * {\n  color: rgb(255,255,255);\n}\n<\/style>\n\t<\/div>\n\t\n<a href=\"\/en\/contact\/ask-more\/\" class=\"button primary btn-green ask-us\" >\n\t\t<span>Po\u0161aljite upit za energetsku opskrbu plinom<\/span>\n\t<\/a>\n\n\t\t<\/div>\n\t\t\t\t\n<style>\n#col-220300323 > .col-inner {\n  padding: 0px 30px 15px 30px;\n  border-radius: 5px;\n}\n<\/style>\n\t<\/div>\n\n\t\n<\/div>\n\n<span class=\"scroll-to\" data-label=\"Scroll to: #pomoc-in-podpora\" data-bullet=\"false\" data-link=\"#pomoc-in-podpora\" data-title=\"Pomo\u010d in podpora\"><a name=\"pomoc-in-podpora\"><\/a><\/span>\n<h2 class=\"s-tit bfr-blue\">Pomo\u0107 i podr\u0161ka<\/h2>\n<p><span style=\"text-decoration: underline;\"><span style=\"font-weight: 400;\">Saznajte vi\u0161e o UNP-u u spremnicima. Na jednom mjestu su dostupni:<\/span><\/span><\/p>\n<div class=\"row\"  id=\"row-874982624\">\n\n\t<div id=\"col-1806583288\" class=\"col pb-0 medium-6 small-12 large-6\"  >\n\t\t\t\t<div class=\"col-inner\"  >\n\t\t\t\n\t\t\t\n<span class=\"scroll-to\" data-label=\"Scroll to: #splosni-pogoji-in-zakonodaja2\" data-bullet=\"false\" data-link=\"#splosni-pogoji-in-zakonodaja2\" data-title=\"Splo\u0161ni pogoji in zakonodaja\"><a name=\"splosni-pogoji-in-zakonodaja2\"><\/a><\/span>\n\n\t<a class=\"plain\" href=\"\/en\/help-and-support\/lpg-in-bulks\/#splosni-pogoji-in-zakonodaja\" >\t<div class=\"icon-box featured-box aligning cta-grey icon-box-left text-left\"  >\n\t\t\t\t\t<div class=\"icon-box-img\" style=\"width: 90px\">\n\t\t\t\t<div class=\"icon\">\n\t\t\t\t\t<div class=\"icon-inner\" >\n\t\t\t\t\t\t<img loading=\"lazy\" decoding=\"async\" width=\"150\" height=\"150\" src=\"https:\/\/www.istrabenzplini.hr\/wp-content\/uploads\/2023\/08\/zakonodaja.png\" class=\"attachment-medium size-medium\" alt=\"\" title=\"\">\t\t\t\t\t<\/div>\n\t\t\t\t<\/div>\n\t\t\t<\/div>\n\t\t\t\t<div class=\"icon-box-text last-reset\">\n\t\t\t\t\t\t\t\t\t\n\t<div id=\"text-2322868806\" class=\"text\">\n\t\t\n<p class=\"mb-0\"><strong>Op\u0107i uvjeti i zakonodavstvo<\/strong><\/p>\n\t\t\n<style>\n#text-2322868806 {\n  font-size: 1.1rem;\n}\n<\/style>\n\t<\/div>\n\t\n\t\t<\/div>\n\t<\/div>\n\t<\/a>\n\t\n\t<div id=\"gap-1133476931\" class=\"gap-element clearfix\" style=\"display:block; height:auto;\">\n\t\t\n<style>\n#gap-1133476931 {\n  padding-top: 15px;\n}\n<\/style>\n\t<\/div>\n\t\n<span class=\"scroll-to\" data-label=\"Scroll to: #predpisi-varnost-in-vzdrzevanje2\" data-bullet=\"false\" data-link=\"#predpisi-varnost-in-vzdrzevanje2\" data-title=\"Predpisi, varnost in vzdr\u017eevanje\"><a name=\"predpisi-varnost-in-vzdrzevanje2\"><\/a><\/span>\n\n\t<a class=\"plain\" href=\"\/en\/help-and-support\/lpg-in-bulks\/#predpisi-varnost-in-vzdrzevanje\" >\t<div class=\"icon-box featured-box aligning cta-grey icon-box-left text-left\"  >\n\t\t\t\t\t<div class=\"icon-box-img\" style=\"width: 90px\">\n\t\t\t\t<div class=\"icon\">\n\t\t\t\t\t<div class=\"icon-inner\" >\n\t\t\t\t\t\t<img loading=\"lazy\" decoding=\"async\" width=\"150\" height=\"150\" src=\"https:\/\/www.istrabenzplini.hr\/wp-content\/uploads\/2023\/08\/vzdrzevanje-1.png\" class=\"attachment-medium size-medium\" alt=\"\" title=\"\">\t\t\t\t\t<\/div>\n\t\t\t\t<\/div>\n\t\t\t<\/div>\n\t\t\t\t<div class=\"icon-box-text last-reset\">\n\t\t\t\t\t\t\t\t\t\n\t<div id=\"text-1594702032\" class=\"text\">\n\t\t\n<p class=\"mb-0\"><strong>Propisi, sigurnost i odr\u017eavanje<\/strong><\/p>\n\t\t\n<style>\n#text-1594702032 {\n  font-size: 1.1rem;\n}\n<\/style>\n\t<\/div>\n\t\n\t\t<\/div>\n\t<\/div>\n\t<\/a>\n\t\n\t<div id=\"gap-1247808777\" class=\"gap-element clearfix\" style=\"display:block; height:auto;\">\n\t\t\n<style>\n#gap-1247808777 {\n  padding-top: 15px;\n}\n<\/style>\n\t<\/div>\n\t\n<span class=\"scroll-to\" data-label=\"Scroll to: #nasveti-za-varcno-ogrevanje2\" data-bullet=\"false\" data-link=\"#nasveti-za-varcno-ogrevanje2\" data-title=\"Nasveti za var\u010dno ogrevanje\"><a name=\"nasveti-za-varcno-ogrevanje2\"><\/a><\/span>\n\n\t<a class=\"plain\" href=\"\/en\/help-and-support\/lpg-in-bulks\/#modri-prihranki\" >\t<div class=\"icon-box featured-box aligning cta-grey icon-box-left text-left\"  >\n\t\t\t\t\t<div class=\"icon-box-img\" style=\"width: 90px\">\n\t\t\t\t<div class=\"icon\">\n\t\t\t\t\t<div class=\"icon-inner\" >\n\t\t\t\t\t\t<img loading=\"lazy\" decoding=\"async\" width=\"150\" height=\"150\" src=\"https:\/\/www.istrabenzplini.hr\/wp-content\/uploads\/2023\/08\/modri-prihranki.png\" class=\"attachment-medium size-medium\" alt=\"\" title=\"\">\t\t\t\t\t<\/div>\n\t\t\t\t<\/div>\n\t\t\t<\/div>\n\t\t\t\t<div class=\"icon-box-text last-reset\">\n\t\t\t\t\t\t\t\t\t\n\t<div id=\"text-2877240361\" class=\"text\">\n\t\t\n<p class=\"mb-0\"><strong>Savjeti za ekonomi\u010dno grijanje<\/strong><\/p>\n\t\t\n<style>\n#text-2877240361 {\n  font-size: 1.1rem;\n}\n<\/style>\n\t<\/div>\n\t\n\t\t<\/div>\n\t<\/div>\n\t<\/a>\n\t\n\t<div id=\"gap-952524072\" class=\"gap-element clearfix\" style=\"display:block; height:auto;\">\n\t\t\n<style>\n#gap-952524072 {\n  padding-top: 15px;\n}\n<\/style>\n\t<\/div>\n\t\n\t\t<\/div>\n\t\t\t\t\t<\/div>\n\n\t\n\n\t<div id=\"col-1091564658\" class=\"col pb-0 medium-6 small-12 large-6\"  >\n\t\t\t\t<div class=\"col-inner\"  >\n\t\t\t\n\t\t\t\n<span class=\"scroll-to\" data-label=\"Scroll to: #racuni2\" data-bullet=\"false\" data-link=\"#racuni2\" data-title=\"Ra\u010duni\"><a name=\"racuni2\"><\/a><\/span>\n\n\t<a class=\"plain\" href=\"\/en\/help-and-support\/lpg-in-bulks\/#racuni\" >\t<div class=\"icon-box featured-box aligning cta-grey icon-box-left text-left\"  >\n\t\t\t\t\t<div class=\"icon-box-img\" style=\"width: 90px\">\n\t\t\t\t<div class=\"icon\">\n\t\t\t\t\t<div class=\"icon-inner\" >\n\t\t\t\t\t\t<img loading=\"lazy\" decoding=\"async\" width=\"150\" height=\"150\" src=\"https:\/\/www.istrabenzplini.hr\/wp-content\/uploads\/2023\/08\/racuni.png\" class=\"attachment-medium size-medium\" alt=\"\" title=\"\">\t\t\t\t\t<\/div>\n\t\t\t\t<\/div>\n\t\t\t<\/div>\n\t\t\t\t<div class=\"icon-box-text last-reset\">\n\t\t\t\t\t\t\t\t\t\n\t<div id=\"text-936521683\" class=\"text\">\n\t\t\n<p class=\"mb-0\"><strong>Ra\u010duni<\/strong><\/p>\n\t\t\n<style>\n#text-936521683 {\n  font-size: 1.1rem;\n}\n<\/style>\n\t<\/div>\n\t\n\t\t<\/div>\n\t<\/div>\n\t<\/a>\n\t\n\t<div id=\"gap-27332514\" class=\"gap-element clearfix\" style=\"display:block; height:auto;\">\n\t\t\n<style>\n#gap-27332514 {\n  padding-top: 15px;\n}\n<\/style>\n\t<\/div>\n\t\n<span class=\"scroll-to\" data-label=\"Scroll to: #kontrola-tlacne-opreme2\" data-bullet=\"false\" data-link=\"#kontrola-tlacne-opreme2\" data-title=\"Kontrola tla\u010dne opreme\"><a name=\"kontrola-tlacne-opreme2\"><\/a><\/span>\n\n\t<a class=\"plain\" href=\"\/pomoc-i-podrska\/kontrola-tlacne-opreme\/\" >\t<div class=\"icon-box featured-box aligning cta-grey icon-box-left text-left\"  >\n\t\t\t\t\t<div class=\"icon-box-img\" style=\"width: 90px\">\n\t\t\t\t<div class=\"icon\">\n\t\t\t\t\t<div class=\"icon-inner\" >\n\t\t\t\t\t\t<img loading=\"lazy\" decoding=\"async\" width=\"150\" height=\"150\" src=\"https:\/\/www.istrabenzplini.hr\/wp-content\/uploads\/2023\/08\/obrazci.png\" class=\"attachment-medium size-medium\" alt=\"\" title=\"\">\t\t\t\t\t<\/div>\n\t\t\t\t<\/div>\n\t\t\t<\/div>\n\t\t\t\t<div class=\"icon-box-text last-reset\">\n\t\t\t\t\t\t\t\t\t\n\t<div id=\"text-2624997723\" class=\"text\">\n\t\t\n<p class=\"mb-0\"><strong>Pregled tla\u010dne opreme<\/strong><\/p>\n\t\t\n<style>\n#text-2624997723 {\n  font-size: 1.1rem;\n}\n<\/style>\n\t<\/div>\n\t\n\t\t<\/div>\n\t<\/div>\n\t<\/a>\n\t\n\t\t<\/div>\n\t\t\t\t\n<style>\n#col-1091564658 > .col-inner {\n  margin: 15px 0px 0px 0px;\n}\n@media (min-width:550px) {\n  #col-1091564658 > .col-inner {\n    margin: 0px 0px 0px 0px;\n  }\n}\n<\/style>\n\t<\/div>\n\n\t\n<\/div>\n\t\t<\/div>\n\t\t\t\t\n<style>\n#col-1113794690 > .col-inner {\n  padding: 0px 0px 0px 0px;\n}\n@media (min-width:550px) {\n  #col-1113794690 > .col-inner {\n    padding: 0px 0px 0px 0px;\n  }\n}\n@media (min-width:850px) {\n  #col-1113794690 > .col-inner {\n    padding: 0px 75px 0px 0px;\n  }\n}\n<\/style>\n\t<\/div>\n\n\t\n\n\t<div id=\"col-31843830\" class=\"col stck hide-for-medium medium-4 small-12 large-3 small-col-first\"  >\n\t\t<div class=\"is-sticky-column\"><div class=\"is-sticky-column__inner\">\t\t<div class=\"col-inner\"  >\n\t\t\t\n\t\t\t\n<ul class=\"page-menu\">\n<li><a href=\"#zamenjajte-energent\">Zamijenite energent!<\/a><\/li>\n<li><a href=\"#ucinkovite-energetske-resitve-za-dom\">U\u010dinkovita energetska rje\u0161enja za ku\u0107anstvo<\/a><\/li>\n<li><a href=\"#plinohram\">Spremnik \u2013 potpuna neovisnost od mre\u017ee<\/a><\/li>\n<li><a href=\"#preprosta-in-hitra-pot-do-energije-za-vas-dom\">Jednostavan i brz put do energije za va\u0161 dom<\/a><\/li>\n<li><a href=\"#se-odlocate-za-najem-plinohrama\">Odlu\u010dujete li se za najam spremnika?<\/a><\/li>\n<li><a href=\"#ste-uporabnik-stevca\">Jeste li vlasnik spremnika?<\/a><\/li>\n<li><a href=\"#oddajte-povprasevanje-za-plinohram\">Po\u0161aljite upit<\/a><\/li>\n<li><a href=\"#narocite-unp\">Naru\u010dite ukapljeni naftni plin<\/a><\/li>\n<li><a href=\"#pomoc-in-podpora\">Pomo\u0107 i podr\u0161ka<\/a><\/li>\n<li><a href=\"#splosni-pogoji-in-zakonodaja2\">Op\u0107i uvjeti i zakonodavstvo<\/a><\/li>\n<li><a href=\"#predpisi-varnost-in-vzdrzevanje2\">Propisi, sigurnost i odr\u017eavanje<\/a><\/li>\n<li><a href=\"#nasveti-za-varcno-ogrevanje2\">Savjeti za ekonomi\u010dno grijanje<\/a><\/li>\n<li><a href=\"#racuni2\">Ra\u010duni<\/a><\/li>\n<li><a href=\"#kontrola-tlacne-opreme2\">Pregled tla\u010dne opreme<\/a><\/li>\n<\/ul>\n\t\t<\/div>\n\t\t<\/div><\/div>\t\t\t<\/div>\n\n\t\n<\/div>\n\t\t<\/div>\n\n\t\t\n<style>\n#section_2018879564 {\n  padding-top: 65px;\n  padding-bottom: 65px;\n}\n@media (min-width:550px) {\n  #section_2018879564 {\n    padding-top: 65px;\n    padding-bottom: 65px;\n  }\n}\n@media (min-width:850px) {\n  #section_2018879564 {\n    padding-top: 100px;\n    padding-bottom: 100px;\n  }\n}\n<\/style>\n\t<\/section>\n\t\n\n\t<section class=\"section\" id=\"section_1557831004\">\n\t\t<div class=\"section-bg fill\" >\n\t\t\t\t\t\t\t\t\t\n\t\t\t\n\n\t\t<\/div>\n\n\t\t\n\n\t\t<div class=\"section-content relative\">\n\t\t\t\n\n<div class=\"row\"  id=\"row-1404389354\">\n\n\n\t<div id=\"col-1335167481\" class=\"col pb-0 medium-12 small-12 large-5\"  >\n\t\t\t\t<div class=\"col-inner\"  >\n\t\t\t\n\t\t\t\n\n<h2 class=\"s-tit\">Have you found everything you needed?<\/h2>\n\n\t\t<\/div>\n\t\t\t\t\t<\/div>\n\n\t\n\n\t<div id=\"col-1457919948\" class=\"col pb-0 medium-12 small-12 large-7\"  >\n\t\t\t\t<div class=\"col-inner\"  >\n\t\t\t\n\t\t\t\n\n<p class=\"cta-desc\">If you need any information and assistance on how to use our products, feel free to contact us<\/p>\n<a href=\"\/en\/contact\/ask-more\/\" class=\"button primary btn-green ask-us\" >\n\t\t<span>CONTACT US<\/span>\n\t<\/a>\n\n\n<a href=\"tel:+385047609208\" class=\"button primary btn-out cont\" >\n\t\t<span>+385 (0)47 609 208<\/span>\n\t<\/a>\n\n\n\n\t\t<\/div>\n\t\t\t\t\t<\/div>\n\n\t\n\n<\/div>\n\t<div id=\"gap-1746712430\" class=\"gap-element clearfix\" style=\"display:block; height:auto;\">\n\t\t\n<style>\n#gap-1746712430 {\n  padding-top: 100px;\n}\n<\/style>\n\t<\/div>\n\t\n\n\n\t\t<\/div>\n\n\t\t\n<style>\n#section_1557831004 {\n  padding-top: 65px;\n  padding-bottom: 65px;\n  background-color: rgb(248, 248, 248);\n}\n@media (min-width:850px) {\n  #section_1557831004 {\n    padding-top: 100px;\n    padding-bottom: 100px;\n  }\n}\n<\/style>\n\t<\/section>\n\t\n","protected":false},"excerpt":{"rendered":"","protected":false},"author":1,"featured_media":0,"parent":2857,"menu_order":0,"comment_status":"closed","ping_status":"closed","template":"","meta":{"footnotes":""},"class_list":["post-3254","page","type-page","status-publish","hentry"],"_links":{"self":[{"href":"https:\/\/www.istrabenzplini.hr\/en\/wp-json\/wp\/v2\/pages\/3254","targetHints":{"allow":["GET"]}}],"collection":[{"href":"https:\/\/www.istrabenzplini.hr\/en\/wp-json\/wp\/v2\/pages"}],"about":[{"href":"https:\/\/www.istrabenzplini.hr\/en\/wp-json\/wp\/v2\/types\/page"}],"author":[{"embeddable":true,"href":"https:\/\/www.istrabenzplini.hr\/en\/wp-json\/wp\/v2\/users\/1"}],"replies":[{"embeddable":true,"href":"https:\/\/www.istrabenzplini.hr\/en\/wp-json\/wp\/v2\/comments?post=3254"}],"version-history":[{"count":0,"href":"https:\/\/www.istrabenzplini.hr\/en\/wp-json\/wp\/v2\/pages\/3254\/revisions"}],"up":[{"embeddable":true,"href":"https:\/\/www.istrabenzplini.hr\/en\/wp-json\/wp\/v2\/pages\/2857"}],"wp:attachment":[{"href":"https:\/\/www.istrabenzplini.hr\/en\/wp-json\/wp\/v2\/media?parent=3254"}],"curies":[{"name":"wp","href":"https:\/\/api.w.org\/{rel}","templated":true}]}}