{"id":2860,"date":"2023-04-19T11:30:26","date_gmt":"2023-04-19T09:30:26","guid":{"rendered":"https:\/\/istrabenzplini.pakt.si\/?page_id=2860"},"modified":"2024-08-20T14:19:15","modified_gmt":"2024-08-20T12:19:15","slug":"areas-of-use","status":"publish","type":"page","link":"https:\/\/www.istrabenzplini.hr\/en\/lpg-in-bulks\/for-companies\/areas-of-use\/","title":{"rendered":"Areas of use"},"content":{"rendered":"\n\t<section class=\"section\" id=\"section_232467573\">\n\t\t<div class=\"section-bg fill\" >\n\t\t\t<img loading=\"lazy\" decoding=\"async\" width=\"2000\" height=\"1196\" src=\"https:\/\/www.istrabenzplini.hr\/wp-content\/uploads\/2023\/11\/08-unp-v-plinohramih-podrocja-uporabe.jpg\" class=\"bg attachment-original size-original\" alt=\"\" title=\"\">\t\t\t\t\t\t<div class=\"section-bg-overlay absolute fill\"><\/div>\n\t\t\t\n\n\t\t<\/div>\n\n\t\t\n\n\t\t<div class=\"section-content relative\">\n\t\t\t\n<div class=\"row\"  id=\"row-1409840282\">\n\n\t<div id=\"col-725046072\" class=\"col pb-0 mainsec-pl medium-12 small-12 large-7\"  >\n\t\t\t\t<div class=\"col-inner\"  >\n\t\t\t\n\t\t\t\n<div class=\"row\"  id=\"row-787161280\">\n\n\t<div id=\"col-325126349\" class=\"col pb-0 col-mainsec small-12 large-12\"  >\n\t\t\t\t<div class=\"col-inner\"  >\n\t\t\t\n\t\t\t\n\t<div id=\"text-906611803\" class=\"text\">\n\t\t\n<h1 class=\"main-tit\">Podru\u010dja primjene UNP<\/h1>\n<p class=\"main-desc bigger\">Va\u0161 odr\u017eivi doprinos stvaranju \u010diste budu\u0107nosti. Provjera svestrane uporabe ukapljenog naftnog plina za poslovne korisnike.<\/p>\n\t\t\n<style>\n#text-906611803 {\n  color: rgb(255,255,255);\n}\n#text-906611803 > * {\n  color: rgb(255,255,255);\n}\n<\/style>\n\t<\/div>\n\t\n\t\t<\/div>\n\t\t\t\t\t<\/div>\n\n\t\n<\/div>\n\t\t<\/div>\n\t\t\t\t\t<\/div>\n\n\t\n<\/div>\n\t\t<\/div>\n\n\t\t\n<style>\n#section_232467573 {\n  padding-top: 65px;\n  padding-bottom: 65px;\n  min-height: 0vh;\n}\n#section_232467573 .section-bg-overlay {\n  background-color: rgba(8, 63, 136, 0.575);\n}\n#section_232467573 .section-bg img {\n  object-position: 93% 83%;\n}\n@media (min-width:550px) {\n  #section_232467573 {\n    padding-top: 65px;\n    padding-bottom: 65px;\n  }\n}\n@media (min-width:850px) {\n  #section_232467573 {\n    padding-top: 100px;\n    padding-bottom: 100px;\n    min-height: 71vh;\n  }\n}\n<\/style>\n\t<\/section>\n\t\n<div class=\"row align-middle breadcrump\"  id=\"row-1405832305\">\n\n\t<div id=\"col-2057766213\" class=\"col pb-0 small-12 large-12\"  >\n\t\t\t\t<div class=\"col-inner\"  >\n\t\t\t\n\t\t\t\n\t\t<div class=\"pb-0\">\n\t\t\t\t\n<nav aria-label=\"breadcrumbs\" class=\"rank-math-breadcrumb\"><p><\/p><\/nav>\n\t\t<\/div>\n\t\n\t\t<\/div>\n\t\t\t\t\t<\/div>\n\n\t\n<\/div>\n<span class=\"scroll-to\" data-label=\"Scroll to: #celovita-resitev\" data-bullet=\"false\" data-link=\"#celovita-resitev\" data-title=\"Celovita re\u0161itev za uporabo uteko\u010dinjenega naftnega plina\"><a name=\"celovita-resitev\"><\/a><\/span>\n\n\t<section class=\"section\" id=\"section_2060700995\">\n\t\t<div class=\"section-bg fill\" >\n\t\t\t\t\t\t\t\t\t\n\t\t\t\n\n\t\t<\/div>\n\n\t\t\n\n\t\t<div class=\"section-content relative\">\n\t\t\t\n<div class=\"row\"  id=\"row-1811665495\">\n\n\t<div id=\"col-172629055\" class=\"col pb-0 brd medium-12 small-12 large-9\"  >\n\t\t\t\t<div class=\"col-inner\"  >\n\t\t\t\n\t<div class=\"is-border\"\n\t\tstyle=\"border-width:0px 1px 0px 0px;margin:0px 1px 0px 0px;\">\n\t<\/div>\n\t\t\t\n<h2 class=\"s-tit bfr-blue\">Cjelovito rje\u0161enje za uporabu ukapljenog naftnog plina<\/h2>\n<p>U poduze\u0107u Istrabenz plini pobrinut \u0107emo se da dobijete cjelovito energetsko rje\u0161enje po principu klju\u010d u ruke za kori\u0161tenje ukapljenog naftnog plina u va\u0161em poduze\u0107u.<\/p>\n<ul>\n<li style=\"font-weight: 400;\" aria-level=\"1\">Jednostavan i brz prijelaz na ukapljeni naftni plin.<\/li>\n<li style=\"font-weight: 400;\" aria-level=\"1\">U\u0161teda pri visokim po\u010detnim tro\u0161kovima.<\/li>\n<li style=\"font-weight: 400;\" aria-level=\"1\">Pouzdana i dugoro\u010dna opskrba plinom.<\/li>\n<li style=\"font-weight: 400;\" aria-level=\"1\">Redoviti pregledi i radovi na odr\u017eavanju.<\/li>\n<\/ul>\n<p>Za potrebe industrije uspostavljamo plinovodne mre\u017ee i plinske postaje, unutar kojih se postavljaju spremnici i regulacijska oprema. Svakom korisniku osiguravamo vlastiti plinomjer koji omogu\u0107uje to\u010dan pregled i o\u010ditanje potro\u0161nje plina.<\/p>\n\t<div id=\"gap-17420472\" class=\"gap-element clearfix\" style=\"display:block; height:auto;\">\n\t\t\n<style>\n#gap-17420472 {\n  padding-top: 30px;\n}\n<\/style>\n\t<\/div>\n\t\n<span class=\"scroll-to\" data-label=\"Scroll to: #ogrevanje-s-plinom\" data-bullet=\"false\" data-link=\"#ogrevanje-s-plinom\" data-title=\"Ogrevanje s plinom\"><a name=\"ogrevanje-s-plinom\"><\/a><\/span>\n<h2 class=\"s-tit bfr-blue\">Grijanje na plin<\/h2>\n<p>Ukapljeni naftni plin pogodan je za grijanje svih vrsta objekata.<\/p>\n<p>Za pouzdanu ugovornu opskrbu energijom odaberite Istrabenz plin.<\/p>\n\t<div id=\"gap-565110112\" class=\"gap-element clearfix\" style=\"display:block; height:auto;\">\n\t\t\n<style>\n#gap-565110112 {\n  padding-top: 30px;\n}\n<\/style>\n\t<\/div>\n\t\n<span class=\"scroll-to\" data-label=\"Scroll to: #gostinstvo-in-turizem\" data-bullet=\"false\" data-link=\"#gostinstvo-in-turizem\" data-title=\"Gostinstvo in turizem\"><a name=\"gostinstvo-in-turizem\"><\/a><\/span>\n<h2 class=\"s-tit bfr-blue\">Ugostiteljstvo i turizam<\/h2>\n\t<div class=\"img has-hover bord-r x md-x lg-x y md-y lg-y\" id=\"image_479018411\">\n\t\t\t\t\t\t\t\t<div class=\"img-inner dark\" >\n\t\t\t<img loading=\"lazy\" decoding=\"async\" width=\"1100\" height=\"400\" src=\"https:\/\/www.istrabenzplini.hr\/wp-content\/uploads\/2023\/07\/gostinstvo.jpg\" class=\"attachment-original size-original\" alt=\"\" srcset=\"https:\/\/www.istrabenzplini.hr\/wp-content\/uploads\/2023\/07\/gostinstvo.jpg 1100w, https:\/\/www.istrabenzplini.hr\/wp-content\/uploads\/2023\/07\/gostinstvo-800x291.jpg 800w, https:\/\/www.istrabenzplini.hr\/wp-content\/uploads\/2023\/07\/gostinstvo-768x279.jpg 768w\" sizes=\"auto, (max-width: 1100px) 100vw, 1100px\" title=\"\">\t\t\t\t\t\t\n\t\t\t\t\t<\/div>\n\t\t\t\t\t\t\t\t\n<style>\n#image_479018411 {\n  width: 100%;\n}\n<\/style>\n\t<\/div>\n\t\n<p>Plin za kuhanje isporu\u010dujemo velikim i malim hotelima, restoranima, bolnicama, \u0161kolama i drugim javnim ustanovama.<\/p>\n<p>Ukapljeni naftni plin tra\u017ei se i kao energent u ugostiteljstvu i turizmu za grijanje, hla\u0111enje i pripremu potro\u0161ne tople vode.<\/p>\n\t<div id=\"gap-799223831\" class=\"gap-element clearfix\" style=\"display:block; height:auto;\">\n\t\t\n<style>\n#gap-799223831 {\n  padding-top: 30px;\n}\n<\/style>\n\t<\/div>\n\t\n<span class=\"scroll-to\" data-label=\"Scroll to: #kmetijstvo\" data-bullet=\"false\" data-link=\"#kmetijstvo\" data-title=\"Kmetijstvo\"><a name=\"kmetijstvo\"><\/a><\/span>\n<h2 class=\"s-tit bfr-blue\">Poljoprivreda<\/h2>\n<p>U poljoprivredi se ukapljeni naftni plin koristi u su\u0161ionicama (za su\u0161enje \u017eitarica, hmelja ili soli). Ova vrsta su\u0161enja smanjuje gubitak usjeva \u2013 jednostavnom kontrolom ukapljenog naftnog plina u\u010dinkovitije se odr\u017eavaju optimalni uvjeti su\u0161enja.<\/p>\n<p>Ukapljeni naftni plin tako\u0111er se koristi u proizvodnji bilja kako bi se odr\u017eala stalna temperatura tijekom hladnijih razdoblja za izbjegavanje rizika od mraza. Usjev je time ve\u0107i, a proizvodnja ostaje ekolo\u0161ki prihvatljiva.<\/p>\n\t<div id=\"gap-1053613727\" class=\"gap-element clearfix\" style=\"display:block; height:auto;\">\n\t\t\n<style>\n#gap-1053613727 {\n  padding-top: 30px;\n}\n<\/style>\n\t<\/div>\n\t\n<span class=\"scroll-to\" data-label=\"Scroll to: #farme\" data-bullet=\"false\" data-link=\"#farme\" data-title=\"Farme\"><a name=\"farme\"><\/a><\/span>\n<h2 class=\"s-tit bfr-blue\">Poljoprivredna gospodarstva<\/h2>\n\t<div class=\"img has-hover bord-r x md-x lg-x y md-y lg-y\" id=\"image_1887446601\">\n\t\t\t\t\t\t\t\t<div class=\"img-inner dark\" >\n\t\t\t<img loading=\"lazy\" decoding=\"async\" width=\"1100\" height=\"400\" src=\"https:\/\/www.istrabenzplini.hr\/wp-content\/uploads\/2023\/11\/09-unp-v-plinohramih-podrocja-uporabe-farme.jpg\" class=\"attachment-original size-original\" alt=\"\" srcset=\"https:\/\/www.istrabenzplini.hr\/wp-content\/uploads\/2023\/11\/09-unp-v-plinohramih-podrocja-uporabe-farme.jpg 1100w, https:\/\/www.istrabenzplini.hr\/wp-content\/uploads\/2023\/11\/09-unp-v-plinohramih-podrocja-uporabe-farme-800x291.jpg 800w, https:\/\/www.istrabenzplini.hr\/wp-content\/uploads\/2023\/11\/09-unp-v-plinohramih-podrocja-uporabe-farme-768x279.jpg 768w\" sizes=\"auto, (max-width: 1100px) 100vw, 1100px\" title=\"\">\t\t\t\t\t\t\n\t\t\t\t\t<\/div>\n\t\t\t\t\t\t\t\t\n<style>\n#image_1887446601 {\n  width: 100%;\n}\n<\/style>\n\t<\/div>\n\t\n<p>Za sve potrebe za grijanjem objekata u poljoprivredi (uzgoj peradi, svinja) nudimo moderna i cjelovita energetska rje\u0161enja po principu klju\u010d u ruke.<\/p>\n<p>U\u010dinkovite suvremene tehnologije plinskog grijanja za grijanje staja dizajnirane su za pobolj\u0161anje kvalitete zraka u staji, pobolj\u0161anje u\u010dinkovitosti ure\u0111aja i u\u0161tedu energije.<\/p>\n\t<div id=\"gap-1425156475\" class=\"gap-element clearfix\" style=\"display:block; height:auto;\">\n\t\t\n<style>\n#gap-1425156475 {\n  padding-top: 30px;\n}\n<\/style>\n\t<\/div>\n\t\n<span class=\"scroll-to\" data-label=\"Scroll to: #proizvodni-procesi\" data-bullet=\"false\" data-link=\"#proizvodni-procesi\" data-title=\"Proizvodni procesi\"><a name=\"proizvodni-procesi\"><\/a><\/span>\n<h2 class=\"s-tit bfr-blue\">Proizvodni procesi<\/h2>\n\t<div class=\"img has-hover bord-r x md-x lg-x y md-y lg-y\" id=\"image_103083809\">\n\t\t\t\t\t\t\t\t<div class=\"img-inner dark\" >\n\t\t\t<img loading=\"lazy\" decoding=\"async\" width=\"1100\" height=\"400\" src=\"https:\/\/www.istrabenzplini.hr\/wp-content\/uploads\/2023\/07\/proizvodnja.jpg\" class=\"attachment-original size-original\" alt=\"\" srcset=\"https:\/\/www.istrabenzplini.hr\/wp-content\/uploads\/2023\/07\/proizvodnja.jpg 1100w, https:\/\/www.istrabenzplini.hr\/wp-content\/uploads\/2023\/07\/proizvodnja-800x291.jpg 800w, https:\/\/www.istrabenzplini.hr\/wp-content\/uploads\/2023\/07\/proizvodnja-768x279.jpg 768w\" sizes=\"auto, (max-width: 1100px) 100vw, 1100px\" title=\"\">\t\t\t\t\t\t\n\t\t\t\t\t<\/div>\n\t\t\t\t\t\t\t\t\n<style>\n#image_103083809 {\n  width: 100%;\n}\n<\/style>\n\t<\/div>\n\t\n<p>Bez obzira na djelatnost koju obavljate, mi u poduze\u0107u Istrabenz plini imamo energetsko rje\u0161enje za vas. Na temelju va\u0161ih energetskih potreba prona\u0107i \u0107emo najbolje rje\u0161enje za va\u0161 proizvodni proces u elektroni\u010dkoj industriji, obradi metala i stakla, u kemijskoj, prehrambenoj i automobilskoj industriji, obradi vode i otpada i drugdje.<\/p>\n\t<div id=\"gap-269971043\" class=\"gap-element clearfix\" style=\"display:block; height:auto;\">\n\t\t\n<style>\n#gap-269971043 {\n  padding-top: 30px;\n}\n<\/style>\n\t<\/div>\n\t\n<span class=\"scroll-to\" data-label=\"Scroll to: #ne-najdete-svojega-podrocja\" data-bullet=\"false\" data-link=\"#ne-najdete-svojega-podrocja\" data-title=\"Ne najdete svojega podro\u010dja?\"><a name=\"ne-najdete-svojega-podrocja\"><\/a><\/span>\n<h2 class=\"s-tit bfr-blue\">Ne mo\u017eete prona\u0107i svoje podru\u010dje?<\/h2>\n<p>Ne brinite. \u010cak i ako va\u0161a industrija nije navedena ovdje, postoji velika mogu\u0107nost da vam mo\u017eemo osigurati \u010distiju, zeleniju i povoljniju energiju za va\u0161e poduze\u0107e.<\/p>\n\t<div id=\"gap-1756497722\" class=\"gap-element clearfix\" style=\"display:block; height:auto;\">\n\t\t\n<style>\n#gap-1756497722 {\n  padding-top: 30px;\n}\n<\/style>\n\t<\/div>\n\t\n<span class=\"scroll-to\" data-label=\"Scroll to: #najemite-plinohram\" data-bullet=\"false\" data-link=\"#najemite-plinohram\" data-title=\"Najemite plinohram za poslovne potrebe po plinu\"><a name=\"najemite-plinohram\"><\/a><\/span>\n<h2 class=\"s-tit bfr-blue\">Unajmite spremnik za plin za poslovne potrebe<\/h2>\n<p><span style=\"font-weight: 400;\">Ispunite internetski obrazac i na\u0161i stru\u010dnjaci \u0107e vam se javiti u najkra\u0107em mogu\u0107em roku.<\/span><\/p>\n<a href=\"\/en\/contact\/ask-more\/\" class=\"button primary btn-green ask-us\" >\n\t\t<span>Po\u0161aljite upit<\/span>\n\t<\/a>\n\n\t<div id=\"gap-532712657\" class=\"gap-element clearfix\" style=\"display:block; height:auto;\">\n\t\t\n<style>\n#gap-532712657 {\n  padding-top: 30px;\n}\n<\/style>\n\t<\/div>\n\t\n<span class=\"scroll-to\" data-label=\"Scroll to: #energijo-prepustite-nam\" data-bullet=\"false\" data-link=\"#energijo-prepustite-nam\" data-title=\"Poskrbite za svoj posel, energijo prepustite nam\"><a name=\"energijo-prepustite-nam\"><\/a><\/span>\n<h2 class=\"s-tit bfr-blue\">Usredoto\u010dite se na svoje poslovanje, a opskrbu energijom prepustite nama<\/h2>\n<p>Pogledajte na\u0161a druga cjelovita rje\u0161enja za poduze\u0107a. Nudimo vam cjelovitu opskrbu energijom.<\/p>\n<a href=\"\/en\/energy-solutions\/\" class=\"button primary btn-green ask-us\" >\n\t\t<span>Energetska rje\u0161enja<\/span>\n\t<\/a>\n\n\t<div id=\"gap-624684812\" class=\"gap-element clearfix\" style=\"display:block; height:auto;\">\n\t\t\n<style>\n#gap-624684812 {\n  padding-top: 30px;\n}\n<\/style>\n\t<\/div>\n\t\n<span class=\"scroll-to\" data-label=\"Scroll to: #pomoc-in-podpora\" data-bullet=\"false\" data-link=\"#pomoc-in-podpora\" data-title=\"Pomo\u010d in podpora\"><a name=\"pomoc-in-podpora\"><\/a><\/span>\n<h2 class=\"s-tit bfr-blue\">Pomo\u0107 i podr\u0161ka<\/h2>\n<p><span style=\"text-decoration: underline;\"><span style=\"font-weight: 400;\">Saznajte vi\u0161e o UNP-u u spremnicima. Na jednom mjestu su dostupni:<\/span><\/span><\/p>\n<div class=\"row\"  id=\"row-1621072654\">\n\n\t<div id=\"col-709893544\" class=\"col pb-0 medium-6 small-12 large-6\"  >\n\t\t\t\t<div class=\"col-inner\"  >\n\t\t\t\n\t\t\t\n<span class=\"scroll-to\" data-label=\"Scroll to: #splosni-pogoji-in-zakonodaja2\" data-bullet=\"false\" data-link=\"#splosni-pogoji-in-zakonodaja2\" data-title=\"Splo\u0161ni pogoji in zakonodaja\"><a name=\"splosni-pogoji-in-zakonodaja2\"><\/a><\/span>\n\n\t<a class=\"plain\" href=\"\/en\/help-and-support\/lpg-in-bulks\/#splosni-pogoji-in-zakonodaja\" >\t<div class=\"icon-box featured-box aligning cta-grey icon-box-left text-left\"  >\n\t\t\t\t\t<div class=\"icon-box-img\" style=\"width: 90px\">\n\t\t\t\t<div class=\"icon\">\n\t\t\t\t\t<div class=\"icon-inner\" >\n\t\t\t\t\t\t<img loading=\"lazy\" decoding=\"async\" width=\"150\" height=\"150\" src=\"https:\/\/www.istrabenzplini.hr\/wp-content\/uploads\/2023\/08\/zakonodaja.png\" class=\"attachment-medium size-medium\" alt=\"\" title=\"\">\t\t\t\t\t<\/div>\n\t\t\t\t<\/div>\n\t\t\t<\/div>\n\t\t\t\t<div class=\"icon-box-text last-reset\">\n\t\t\t\t\t\t\t\t\t\n\t<div id=\"text-4046091528\" class=\"text\">\n\t\t\n<p class=\"mb-0\"><strong>Op\u0107i uvjeti i propisi<\/strong><\/p>\n\t\t\n<style>\n#text-4046091528 {\n  font-size: 1.1rem;\n}\n<\/style>\n\t<\/div>\n\t\n\t\t<\/div>\n\t<\/div>\n\t<\/a>\n\t\n\t<div id=\"gap-579256787\" class=\"gap-element clearfix\" style=\"display:block; height:auto;\">\n\t\t\n<style>\n#gap-579256787 {\n  padding-top: 15px;\n}\n<\/style>\n\t<\/div>\n\t\n<span class=\"scroll-to\" data-label=\"Scroll to: #predpisi-varnost-in-vzdrzevanje2\" data-bullet=\"false\" data-link=\"#predpisi-varnost-in-vzdrzevanje2\" data-title=\"Predpisi, varnost in vzdr\u017eevanje\"><a name=\"predpisi-varnost-in-vzdrzevanje2\"><\/a><\/span>\n\n\t<a class=\"plain\" href=\"\/en\/help-and-support\/lpg-in-bulks\/#predpisi-varnost-in-vzdrzevanje\" >\t<div class=\"icon-box featured-box aligning cta-grey icon-box-left text-left\"  >\n\t\t\t\t\t<div class=\"icon-box-img\" style=\"width: 90px\">\n\t\t\t\t<div class=\"icon\">\n\t\t\t\t\t<div class=\"icon-inner\" >\n\t\t\t\t\t\t<img loading=\"lazy\" decoding=\"async\" width=\"150\" height=\"150\" src=\"https:\/\/www.istrabenzplini.hr\/wp-content\/uploads\/2023\/08\/vzdrzevanje-1.png\" class=\"attachment-medium size-medium\" alt=\"\" title=\"\">\t\t\t\t\t<\/div>\n\t\t\t\t<\/div>\n\t\t\t<\/div>\n\t\t\t\t<div class=\"icon-box-text last-reset\">\n\t\t\t\t\t\t\t\t\t\n\t<div id=\"text-982773050\" class=\"text\">\n\t\t\n<p class=\"mb-0\"><strong>Propisi, sigurnost i odr\u017eavanje<\/strong><\/p>\n\t\t\n<style>\n#text-982773050 {\n  font-size: 1.1rem;\n}\n<\/style>\n\t<\/div>\n\t\n\t\t<\/div>\n\t<\/div>\n\t<\/a>\n\t\n\t<div id=\"gap-1327046718\" class=\"gap-element clearfix\" style=\"display:block; height:auto;\">\n\t\t\n<style>\n#gap-1327046718 {\n  padding-top: 15px;\n}\n<\/style>\n\t<\/div>\n\t\n<span class=\"scroll-to\" data-label=\"Scroll to: #nasveti-za-varcno-ogrevanje2\" data-bullet=\"false\" data-link=\"#nasveti-za-varcno-ogrevanje2\" data-title=\"Nasveti za var\u010dno ogrevanje\"><a name=\"nasveti-za-varcno-ogrevanje2\"><\/a><\/span>\n\n\t<a class=\"plain\" href=\"\/en\/help-and-support\/lpg-in-bulks\/#modri-prihranki\" >\t<div class=\"icon-box featured-box aligning cta-grey icon-box-left text-left\"  >\n\t\t\t\t\t<div class=\"icon-box-img\" style=\"width: 90px\">\n\t\t\t\t<div class=\"icon\">\n\t\t\t\t\t<div class=\"icon-inner\" >\n\t\t\t\t\t\t<img loading=\"lazy\" decoding=\"async\" width=\"150\" height=\"150\" src=\"https:\/\/www.istrabenzplini.hr\/wp-content\/uploads\/2023\/08\/modri-prihranki.png\" class=\"attachment-medium size-medium\" alt=\"\" title=\"\">\t\t\t\t\t<\/div>\n\t\t\t\t<\/div>\n\t\t\t<\/div>\n\t\t\t\t<div class=\"icon-box-text last-reset\">\n\t\t\t\t\t\t\t\t\t\n\t<div id=\"text-715745001\" class=\"text\">\n\t\t\n<p class=\"mb-0\"><strong>Savjeti za ekonomi\u010dno grijanje<\/strong><\/p>\n\t\t\n<style>\n#text-715745001 {\n  font-size: 1.1rem;\n}\n<\/style>\n\t<\/div>\n\t\n\t\t<\/div>\n\t<\/div>\n\t<\/a>\n\t\n\t\t<\/div>\n\t\t\t\t\t<\/div>\n\n\t\n\n\t<div id=\"col-2003470323\" class=\"col pb-0 medium-6 small-12 large-6\"  >\n\t\t\t\t<div class=\"col-inner\"  >\n\t\t\t\n\t\t\t\n<span class=\"scroll-to\" data-label=\"Scroll to: #racuni2\" data-bullet=\"false\" data-link=\"#racuni2\" data-title=\"Ra\u010duni\"><a name=\"racuni2\"><\/a><\/span>\n\n\t<a class=\"plain\" href=\"\/en\/help-and-support\/lpg-in-bulks\/#racuni\" >\t<div class=\"icon-box featured-box aligning cta-grey icon-box-left text-left\"  >\n\t\t\t\t\t<div class=\"icon-box-img\" style=\"width: 90px\">\n\t\t\t\t<div class=\"icon\">\n\t\t\t\t\t<div class=\"icon-inner\" >\n\t\t\t\t\t\t<img loading=\"lazy\" decoding=\"async\" width=\"150\" height=\"150\" src=\"https:\/\/www.istrabenzplini.hr\/wp-content\/uploads\/2023\/08\/racuni.png\" class=\"attachment-medium size-medium\" alt=\"\" title=\"\">\t\t\t\t\t<\/div>\n\t\t\t\t<\/div>\n\t\t\t<\/div>\n\t\t\t\t<div class=\"icon-box-text last-reset\">\n\t\t\t\t\t\t\t\t\t\n\t<div id=\"text-3100542159\" class=\"text\">\n\t\t\n<p class=\"mb-0\"><strong>Ra\u010duni<\/strong><\/p>\n\t\t\n<style>\n#text-3100542159 {\n  font-size: 1.1rem;\n}\n<\/style>\n\t<\/div>\n\t\n\t\t<\/div>\n\t<\/div>\n\t<\/a>\n\t\n\t<div id=\"gap-2024300110\" class=\"gap-element clearfix\" style=\"display:block; height:auto;\">\n\t\t\n<style>\n#gap-2024300110 {\n  padding-top: 15px;\n}\n<\/style>\n\t<\/div>\n\t\n\t\t<\/div>\n\t\t\t\t\n<style>\n#col-2003470323 > .col-inner {\n  margin: 15px 0px 0px 0px;\n}\n@media (min-width:550px) {\n  #col-2003470323 > .col-inner {\n    margin: 0px 0px 0px 0px;\n  }\n}\n<\/style>\n\t<\/div>\n\n\t\n<\/div>\n\t\t<\/div>\n\t\t\t\t\n<style>\n#col-172629055 > .col-inner {\n  padding: 0px 0px 0px 0px;\n}\n@media (min-width:550px) {\n  #col-172629055 > .col-inner {\n    padding: 0px 0px 0px 0px;\n  }\n}\n@media (min-width:850px) {\n  #col-172629055 > .col-inner {\n    padding: 0px 75px 0px 0px;\n  }\n}\n<\/style>\n\t<\/div>\n\n\t\n\n\t<div id=\"col-903585283\" class=\"col stck hide-for-medium medium-4 small-12 large-3 small-col-first\"  >\n\t\t<div class=\"is-sticky-column\"><div class=\"is-sticky-column__inner\">\t\t<div class=\"col-inner\"  >\n\t\t\t\n\t\t\t\n<ul class=\"page-menu\">\n<li><a href=\"#celovita-resitev\">Cjelovito rje\u0161enje za uporabu UNP<\/a><\/li>\n<li><a href=\"#ogrevanje-s-plinom\">Grijanje na plin<\/a><\/li>\n<li><a href=\"#gostinstvo-in-turizem\">Ugostiteljstvo i turizam<\/a><\/li>\n<li><a href=\"#kmetijstvo\">Poljoprivreda<\/a><\/li>\n<li><a href=\"#farme\">Poljoprivredna gospodarstva<\/a><\/li>\n<li><a href=\"#proizvodni-procesi\">Proizvodni procesi<\/a><\/li>\n<li><a href=\"#ne-najdete-svojega-podrocja\">Ne mo\u017eete prona\u0107i svoje podru\u010dje?<\/a><\/li>\n<li><a href=\"#najemite-plinohram\">Unajmite spremnik za plin za poslovne potrebe<\/a><\/li>\n<li><a href=\"#energijo-prepustite-nam\">Usredoto\u010dite se na svoje poslovanje, a opskrbu energijom prepustite nama<\/a><\/li>\n<li><a href=\"#pomoc-in-podpora\">Pomo\u0107 i podr\u0161ka<\/a><\/li>\n<li><a href=\"#splosni-pogoji-in-zakonodaja2\">Op\u0107i uvjeti i propisi<\/a><\/li>\n<li><a href=\"#predpisi-varnost-in-vzdrzevanje2\">Propisi, sigurnost i odr\u017eavanje<\/a><\/li>\n<li><a href=\"#nasveti-za-varcno-ogrevanje2\">Savjeti za ekonomi\u010dno grijanje<\/a><\/li>\n<li><a href=\"#racuni2\">Ra\u010duni<\/a><\/li>\n<\/ul>\n\t\t<\/div>\n\t\t<\/div><\/div>\t\t\t<\/div>\n\n\t\n<\/div>\n\t\t<\/div>\n\n\t\t\n<style>\n#section_2060700995 {\n  padding-top: 65px;\n  padding-bottom: 65px;\n}\n@media (min-width:550px) {\n  #section_2060700995 {\n    padding-top: 65px;\n    padding-bottom: 65px;\n  }\n}\n@media (min-width:850px) {\n  #section_2060700995 {\n    padding-top: 100px;\n    padding-bottom: 100px;\n  }\n}\n<\/style>\n\t<\/section>\n\t\n\n\t<section class=\"section\" id=\"section_910314808\">\n\t\t<div class=\"section-bg fill\" >\n\t\t\t\t\t\t\t\t\t\n\t\t\t\n\n\t\t<\/div>\n\n\t\t\n\n\t\t<div class=\"section-content relative\">\n\t\t\t\n\n<div class=\"row\"  id=\"row-1881227055\">\n\n\n\t<div id=\"col-1896578127\" class=\"col pb-0 medium-12 small-12 large-5\"  >\n\t\t\t\t<div class=\"col-inner\"  >\n\t\t\t\n\t\t\t\n\n<h2 class=\"s-tit\">Have you found everything you needed?<\/h2>\n\n\t\t<\/div>\n\t\t\t\t\t<\/div>\n\n\t\n\n\t<div id=\"col-444898045\" class=\"col pb-0 medium-12 small-12 large-7\"  >\n\t\t\t\t<div class=\"col-inner\"  >\n\t\t\t\n\t\t\t\n\n<p class=\"cta-desc\">If you need any information and assistance on how to use our products, feel free to contact us<\/p>\n<a href=\"\/en\/contact\/ask-more\/\" class=\"button primary btn-green ask-us\" >\n\t\t<span>CONTACT US<\/span>\n\t<\/a>\n\n\n<a href=\"tel:+385047609208\" class=\"button primary btn-out cont\" >\n\t\t<span>+385 (0)47 609 208<\/span>\n\t<\/a>\n\n\n\n\t\t<\/div>\n\t\t\t\t\t<\/div>\n\n\t\n\n<\/div>\n\t<div id=\"gap-1025359862\" class=\"gap-element clearfix\" style=\"display:block; height:auto;\">\n\t\t\n<style>\n#gap-1025359862 {\n  padding-top: 100px;\n}\n<\/style>\n\t<\/div>\n\t\n\n\n\t\t<\/div>\n\n\t\t\n<style>\n#section_910314808 {\n  padding-top: 65px;\n  padding-bottom: 65px;\n  background-color: rgb(248, 248, 248);\n}\n@media (min-width:850px) {\n  #section_910314808 {\n    padding-top: 100px;\n    padding-bottom: 100px;\n  }\n}\n<\/style>\n\t<\/section>\n\t\n","protected":false},"excerpt":{"rendered":"","protected":false},"author":1,"featured_media":0,"parent":2859,"menu_order":0,"comment_status":"closed","ping_status":"closed","template":"","meta":{"footnotes":""},"class_list":["post-2860","page","type-page","status-publish","hentry"],"_links":{"self":[{"href":"https:\/\/www.istrabenzplini.hr\/en\/wp-json\/wp\/v2\/pages\/2860","targetHints":{"allow":["GET"]}}],"collection":[{"href":"https:\/\/www.istrabenzplini.hr\/en\/wp-json\/wp\/v2\/pages"}],"about":[{"href":"https:\/\/www.istrabenzplini.hr\/en\/wp-json\/wp\/v2\/types\/page"}],"author":[{"embeddable":true,"href":"https:\/\/www.istrabenzplini.hr\/en\/wp-json\/wp\/v2\/users\/1"}],"replies":[{"embeddable":true,"href":"https:\/\/www.istrabenzplini.hr\/en\/wp-json\/wp\/v2\/comments?post=2860"}],"version-history":[{"count":0,"href":"https:\/\/www.istrabenzplini.hr\/en\/wp-json\/wp\/v2\/pages\/2860\/revisions"}],"up":[{"embeddable":true,"href":"https:\/\/www.istrabenzplini.hr\/en\/wp-json\/wp\/v2\/pages\/2859"}],"wp:attachment":[{"href":"https:\/\/www.istrabenzplini.hr\/en\/wp-json\/wp\/v2\/media?parent=2860"}],"curies":[{"name":"wp","href":"https:\/\/api.w.org\/{rel}","templated":true}]}}