{"id":2858,"date":"2023-04-19T11:29:23","date_gmt":"2023-04-19T09:29:23","guid":{"rendered":"https:\/\/istrabenzplini.pakt.si\/?page_id=2858"},"modified":"2024-08-07T12:56:56","modified_gmt":"2024-08-07T10:56:56","slug":"for-existing-users","status":"publish","type":"page","link":"https:\/\/www.istrabenzplini.hr\/en\/lpg-in-bulks\/for-households\/for-existing-users\/","title":{"rendered":"For existing users"},"content":{"rendered":"\n\t<section class=\"section\" id=\"section_2038757449\">\n\t\t<div class=\"section-bg fill\" >\n\t\t\t<img loading=\"lazy\" decoding=\"async\" width=\"2000\" height=\"1196\" src=\"https:\/\/www.istrabenzplini.hr\/wp-content\/uploads\/2023\/11\/07-unp-v-plinohramih-za-obstojece-uporabnike.jpg\" class=\"bg attachment-original size-original\" alt=\"\" title=\"\">\t\t\t\t\t\t<div class=\"section-bg-overlay absolute fill\"><\/div>\n\t\t\t\n\n\t\t<\/div>\n\n\t\t\n\n\t\t<div class=\"section-content relative\">\n\t\t\t\n<div class=\"row\"  id=\"row-1589327062\">\n\n\t<div id=\"col-586136310\" class=\"col pb-0 mainsec-pl medium-12 small-12 large-7\"  >\n\t\t\t\t<div class=\"col-inner\"  >\n\t\t\t\n\t\t\t\n<div class=\"row\"  id=\"row-1334369680\">\n\n\t<div id=\"col-1424163825\" class=\"col pb-0 col-mainsec small-12 large-12\"  >\n\t\t\t\t<div class=\"col-inner\"  >\n\t\t\t\n\t\t\t\n\t<div id=\"text-3557208261\" class=\"text\">\n\t\t\n<h1 class=\"main-tit\">Za postoje\u0107e korisnike<\/h1>\n<p class=\"main-desc bigger\">Jeste li korisnik ukapljenog naftnog plina Istrabenz plini? Ovdje \u0107ete prona\u0107i sve informacije koje \u0107e vam pomo\u0107i da jo\u0161 u\u010dinkovitije i sigurnije koristite plin.<\/p>\n\t\t\n<style>\n#text-3557208261 {\n  color: rgb(255,255,255);\n}\n#text-3557208261 > * {\n  color: rgb(255,255,255);\n}\n<\/style>\n\t<\/div>\n\t\n\t\t<\/div>\n\t\t\t\t\t<\/div>\n\n\t\n<\/div>\n\t\t<\/div>\n\t\t\t\t\t<\/div>\n\n\t\n<\/div>\n\t\t<\/div>\n\n\t\t\n<style>\n#section_2038757449 {\n  padding-top: 65px;\n  padding-bottom: 65px;\n  min-height: 0vh;\n}\n#section_2038757449 .section-bg-overlay {\n  background-color: rgba(8, 63, 136, 0.575);\n}\n#section_2038757449 .section-bg img {\n  object-position: 75% 70%;\n}\n@media (min-width:850px) {\n  #section_2038757449 {\n    padding-top: 100px;\n    padding-bottom: 100px;\n    min-height: 71vh;\n  }\n}\n<\/style>\n\t<\/section>\n\t\n<div class=\"row align-middle breadcrump\"  id=\"row-1973925459\">\n\n\t<div id=\"col-1867566482\" class=\"col pb-0 small-12 large-12\"  >\n\t\t\t\t<div class=\"col-inner\"  >\n\t\t\t\n\t\t\t\n\t\t<div class=\"pb-0\">\n\t\t\t\t\n<nav aria-label=\"breadcrumbs\" class=\"rank-math-breadcrumb\"><p><\/p><\/nav>\n\t\t<\/div>\n\t\n\t\t<\/div>\n\t\t\t\t\t<\/div>\n\n\t\n<\/div>\n\n\t<section class=\"section\" id=\"section_1564845571\">\n\t\t<div class=\"section-bg fill\" >\n\t\t\t\t\t\t\t\t\t\n\t\t\t\n\n\t\t<\/div>\n\n\t\t\n\n\t\t<div class=\"section-content relative\">\n\t\t\t\n<div class=\"row\"  id=\"row-299438647\">\n\n\t<div id=\"col-2016715655\" class=\"col pb-0 brd medium-12 small-12 large-9\"  >\n\t\t\t\t<div class=\"col-inner\"  >\n\t\t\t\n\t<div class=\"is-border\"\n\t\tstyle=\"border-width:0px 1px 0px 0px;margin:0px 1px 0px 0px;\">\n\t<\/div>\n\t\t\t\n<span class=\"scroll-to\" data-label=\"Scroll to: #vam-je-zmanjkalo-plina\" data-bullet=\"false\" data-link=\"#vam-je-zmanjkalo-plina\" data-title=\"Vam je zmanjkalo plina?\"><a name=\"vam-je-zmanjkalo-plina\"><\/a><\/span>\n<h2 class=\"s-tit bfr-blue\">Ponestalo vam je plina?<\/h2>\n\t<div id=\"gap-37366947\" class=\"gap-element clearfix\" style=\"display:block; height:auto;\">\n\t\t\n<style>\n#gap-37366947 {\n  padding-top: 15px;\n}\n<\/style>\n\t<\/div>\n\t\n<div class=\"row\"  id=\"row-508741306\">\n\n\t<div id=\"col-1844907664\" class=\"col medium-12 small-12 large-6\"  >\n\t\t\t\t<div class=\"col-inner\"  >\n\t\t\t\n\t\t\t\n\n\t<a class=\"plain\" href=\"\/en\/contact\/#accordion-item-gas-orders\" >\t<div class=\"icon-box featured-box aligning cta-grey icon-box-left text-left\"  >\n\t\t\t\t\t<div class=\"icon-box-img\" style=\"width: 90px\">\n\t\t\t\t<div class=\"icon\">\n\t\t\t\t\t<div class=\"icon-inner\" >\n\t\t\t\t\t\t<img loading=\"lazy\" decoding=\"async\" width=\"150\" height=\"150\" src=\"https:\/\/www.istrabenzplini.hr\/wp-content\/uploads\/2023\/07\/narocite.png\" class=\"attachment-medium size-medium\" alt=\"\" title=\"\">\t\t\t\t\t<\/div>\n\t\t\t\t<\/div>\n\t\t\t<\/div>\n\t\t\t\t<div class=\"icon-box-text last-reset\">\n\t\t\t\t\t\t\t\t\t\n\t<div id=\"text-2411245009\" class=\"text\">\n\t\t\n<p class=\"mb-0\"><strong>Naru\u010dite ukapljeni naftni plin<\/strong><\/p>\n\t\t\n<style>\n#text-2411245009 {\n  font-size: 1.1rem;\n}\n<\/style>\n\t<\/div>\n\t\n\t\t<\/div>\n\t<\/div>\n\t<\/a>\n\t\n\t\t<\/div>\n\t\t\t\t\t<\/div>\n\n\t\n\n\t<div id=\"col-111466929\" class=\"col medium-12 small-12 large-6\"  >\n\t\t\t\t<div class=\"col-inner\"  >\n\t\t\t\n\t\t\t\n\n\t<a class=\"plain\" href=\"\/en\/contact\/ask-more\/\" >\t<div class=\"icon-box featured-box aligning cta-grey icon-box-left text-left\"  >\n\t\t\t\t\t<div class=\"icon-box-img\" style=\"width: 90px\">\n\t\t\t\t<div class=\"icon\">\n\t\t\t\t\t<div class=\"icon-inner\" >\n\t\t\t\t\t\t<img loading=\"lazy\" decoding=\"async\" width=\"150\" height=\"150\" src=\"https:\/\/www.istrabenzplini.hr\/wp-content\/uploads\/2023\/07\/kontaktirajte.png\" class=\"attachment-medium size-medium\" alt=\"\" title=\"\">\t\t\t\t\t<\/div>\n\t\t\t\t<\/div>\n\t\t\t<\/div>\n\t\t\t\t<div class=\"icon-box-text last-reset\">\n\t\t\t\t\t\t\t\t\t\n\t<div id=\"text-3071390945\" class=\"text\">\n\t\t\n<p class=\"mb-0\"><strong>Vi\u0161e informacija<\/strong><\/p>\n\t\t\n<style>\n#text-3071390945 {\n  font-size: 1.1rem;\n}\n<\/style>\n\t<\/div>\n\t\n\t\t<\/div>\n\t<\/div>\n\t<\/a>\n\t\n\t\t<\/div>\n\t\t\t\t\t<\/div>\n\n\t\n<\/div>\n\t<div id=\"gap-134967314\" class=\"gap-element clearfix\" style=\"display:block; height:auto;\">\n\t\t\n<style>\n#gap-134967314 {\n  padding-top: 15px;\n}\n<\/style>\n\t<\/div>\n\t\n<span class=\"scroll-to\" data-label=\"Scroll to: #pomoc-in-podpora\" data-bullet=\"false\" data-link=\"#pomoc-in-podpora\" data-title=\"Pomo\u010d in podpora\"><a name=\"pomoc-in-podpora\"><\/a><\/span>\n\t<div id=\"gap-1300872904\" class=\"gap-element clearfix\" style=\"display:block; height:auto;\">\n\t\t\n<style>\n#gap-1300872904 {\n  padding-top: 30px;\n}\n<\/style>\n\t<\/div>\n\t\n<h2 class=\"s-tit bfr-blue\">Pomo\u0107 i podr\u0161ka<\/h2>\n<p><span style=\"text-decoration: underline;\"><span style=\"font-weight: 400;\">Saznajte vi\u0161e o UNP-u u spremnicima. Na jednom mjestu su dostupni:<br \/>\n<\/span><\/span><\/p>\n<div class=\"row\"  id=\"row-2084817279\">\n\n\t<div id=\"col-1461027640\" class=\"col pb-0 medium-6 small-12 large-6\"  >\n\t\t\t\t<div class=\"col-inner\"  >\n\t\t\t\n\t\t\t\n<span class=\"scroll-to\" data-label=\"Scroll to: #splosni-pogoji-in-zakonodaja2\" data-bullet=\"false\" data-link=\"#splosni-pogoji-in-zakonodaja2\" data-title=\"Splo\u0161ni pogoji in zakonodaja\"><a name=\"splosni-pogoji-in-zakonodaja2\"><\/a><\/span>\n\n\t<a class=\"plain\" href=\"\/en\/help-and-support\/lpg-in-bulks\/#splosni-pogoji-in-zakonodaja\" >\t<div class=\"icon-box featured-box aligning cta-grey icon-box-left text-left\"  >\n\t\t\t\t\t<div class=\"icon-box-img\" style=\"width: 90px\">\n\t\t\t\t<div class=\"icon\">\n\t\t\t\t\t<div class=\"icon-inner\" >\n\t\t\t\t\t\t<img loading=\"lazy\" decoding=\"async\" width=\"150\" height=\"150\" src=\"https:\/\/www.istrabenzplini.hr\/wp-content\/uploads\/2023\/08\/zakonodaja.png\" class=\"attachment-medium size-medium\" alt=\"\" title=\"\">\t\t\t\t\t<\/div>\n\t\t\t\t<\/div>\n\t\t\t<\/div>\n\t\t\t\t<div class=\"icon-box-text last-reset\">\n\t\t\t\t\t\t\t\t\t\n\t<div id=\"text-1198905194\" class=\"text\">\n\t\t\n<p class=\"mb-0\"><strong>Op\u0107i uvjeti i zakonodavstvo<\/strong><\/p>\n\t\t\n<style>\n#text-1198905194 {\n  font-size: 1.1rem;\n}\n<\/style>\n\t<\/div>\n\t\n\t\t<\/div>\n\t<\/div>\n\t<\/a>\n\t\n\t<div id=\"gap-551541562\" class=\"gap-element clearfix\" style=\"display:block; height:auto;\">\n\t\t\n<style>\n#gap-551541562 {\n  padding-top: 15px;\n}\n<\/style>\n\t<\/div>\n\t\n<span class=\"scroll-to\" data-label=\"Scroll to: #predpisi-varnost-in-vzdrzevanje2\" data-bullet=\"false\" data-link=\"#predpisi-varnost-in-vzdrzevanje2\" data-title=\"Predpisi, varnost in vzdr\u017eevanje\"><a name=\"predpisi-varnost-in-vzdrzevanje2\"><\/a><\/span>\n\n\t<a class=\"plain\" href=\"\/en\/help-and-support\/lpg-in-bulks\/#predpisi-varnost-in-vzdrzevanje\" >\t<div class=\"icon-box featured-box aligning cta-grey icon-box-left text-left\"  >\n\t\t\t\t\t<div class=\"icon-box-img\" style=\"width: 90px\">\n\t\t\t\t<div class=\"icon\">\n\t\t\t\t\t<div class=\"icon-inner\" >\n\t\t\t\t\t\t<img loading=\"lazy\" decoding=\"async\" width=\"150\" height=\"150\" src=\"https:\/\/www.istrabenzplini.hr\/wp-content\/uploads\/2023\/08\/vzdrzevanje-1.png\" class=\"attachment-medium size-medium\" alt=\"\" title=\"\">\t\t\t\t\t<\/div>\n\t\t\t\t<\/div>\n\t\t\t<\/div>\n\t\t\t\t<div class=\"icon-box-text last-reset\">\n\t\t\t\t\t\t\t\t\t\n\t<div id=\"text-844335491\" class=\"text\">\n\t\t\n<p class=\"mb-0\"><strong>Propisi, sigurnost i odr\u017eavanje<\/strong><\/p>\n\t\t\n<style>\n#text-844335491 {\n  font-size: 1.1rem;\n}\n<\/style>\n\t<\/div>\n\t\n\t\t<\/div>\n\t<\/div>\n\t<\/a>\n\t\n\t<div id=\"gap-545957698\" class=\"gap-element clearfix\" style=\"display:block; height:auto;\">\n\t\t\n<style>\n#gap-545957698 {\n  padding-top: 15px;\n}\n<\/style>\n\t<\/div>\n\t\n<span class=\"scroll-to\" data-label=\"Scroll to: #nasveti-za-varcno-ogrevanje2\" data-bullet=\"false\" data-link=\"#nasveti-za-varcno-ogrevanje2\" data-title=\"Nasveti za var\u010dno ogrevanje\"><a name=\"nasveti-za-varcno-ogrevanje2\"><\/a><\/span>\n\n\t<a class=\"plain\" href=\"\/en\/help-and-support\/lpg-in-bulks\/#modri-prihranki\" >\t<div class=\"icon-box featured-box aligning cta-grey icon-box-left text-left\"  >\n\t\t\t\t\t<div class=\"icon-box-img\" style=\"width: 90px\">\n\t\t\t\t<div class=\"icon\">\n\t\t\t\t\t<div class=\"icon-inner\" >\n\t\t\t\t\t\t<img loading=\"lazy\" decoding=\"async\" width=\"150\" height=\"150\" src=\"https:\/\/www.istrabenzplini.hr\/wp-content\/uploads\/2023\/08\/modri-prihranki.png\" class=\"attachment-medium size-medium\" alt=\"\" title=\"\">\t\t\t\t\t<\/div>\n\t\t\t\t<\/div>\n\t\t\t<\/div>\n\t\t\t\t<div class=\"icon-box-text last-reset\">\n\t\t\t\t\t\t\t\t\t\n\t<div id=\"text-2606753958\" class=\"text\">\n\t\t\n<p class=\"mb-0\"><strong>Savjeti za ekonomi\u010dno grijanje<\/strong><\/p>\n\t\t\n<style>\n#text-2606753958 {\n  font-size: 1.1rem;\n}\n<\/style>\n\t<\/div>\n\t\n\t\t<\/div>\n\t<\/div>\n\t<\/a>\n\t\n\t<div id=\"gap-297996900\" class=\"gap-element clearfix\" style=\"display:block; height:auto;\">\n\t\t\n<style>\n#gap-297996900 {\n  padding-top: 15px;\n}\n<\/style>\n\t<\/div>\n\t\n\t\t<\/div>\n\t\t\t\t\t<\/div>\n\n\t\n\n\t<div id=\"col-2133063520\" class=\"col pb-0 medium-6 small-12 large-6\"  >\n\t\t\t\t<div class=\"col-inner\"  >\n\t\t\t\n\t\t\t\n<span class=\"scroll-to\" data-label=\"Scroll to: #racuni2\" data-bullet=\"false\" data-link=\"#racuni2\" data-title=\"Ra\u010duni\"><a name=\"racuni2\"><\/a><\/span>\n\n\t<a class=\"plain\" href=\"\/en\/help-and-support\/lpg-in-bulks\/#racuni\" >\t<div class=\"icon-box featured-box aligning cta-grey icon-box-left text-left\"  >\n\t\t\t\t\t<div class=\"icon-box-img\" style=\"width: 90px\">\n\t\t\t\t<div class=\"icon\">\n\t\t\t\t\t<div class=\"icon-inner\" >\n\t\t\t\t\t\t<img loading=\"lazy\" decoding=\"async\" width=\"150\" height=\"150\" src=\"https:\/\/www.istrabenzplini.hr\/wp-content\/uploads\/2023\/08\/racuni.png\" class=\"attachment-medium size-medium\" alt=\"\" title=\"\">\t\t\t\t\t<\/div>\n\t\t\t\t<\/div>\n\t\t\t<\/div>\n\t\t\t\t<div class=\"icon-box-text last-reset\">\n\t\t\t\t\t\t\t\t\t\n\t<div id=\"text-2546876172\" class=\"text\">\n\t\t\n<p class=\"mb-0\"><strong>Ra\u010duni<\/strong><\/p>\n\t\t\n<style>\n#text-2546876172 {\n  font-size: 1.1rem;\n}\n<\/style>\n\t<\/div>\n\t\n\t\t<\/div>\n\t<\/div>\n\t<\/a>\n\t\n\t<div id=\"gap-559988652\" class=\"gap-element clearfix\" style=\"display:block; height:auto;\">\n\t\t\n<style>\n#gap-559988652 {\n  padding-top: 15px;\n}\n<\/style>\n\t<\/div>\n\t\n<span class=\"scroll-to\" data-label=\"Scroll to: #kontrola-tlacne-opreme2\" data-bullet=\"false\" data-link=\"#kontrola-tlacne-opreme2\" data-title=\"Kontrola tla\u010dne opreme\"><a name=\"kontrola-tlacne-opreme2\"><\/a><\/span>\n\n\t<a class=\"plain\" href=\"\/en\/help-and-support\/pressure-equipment-inspection\/\" >\t<div class=\"icon-box featured-box aligning cta-grey icon-box-left text-left\"  >\n\t\t\t\t\t<div class=\"icon-box-img\" style=\"width: 90px\">\n\t\t\t\t<div class=\"icon\">\n\t\t\t\t\t<div class=\"icon-inner\" >\n\t\t\t\t\t\t<img loading=\"lazy\" decoding=\"async\" width=\"150\" height=\"150\" src=\"https:\/\/www.istrabenzplini.hr\/wp-content\/uploads\/2023\/08\/obrazci.png\" class=\"attachment-medium size-medium\" alt=\"\" title=\"\">\t\t\t\t\t<\/div>\n\t\t\t\t<\/div>\n\t\t\t<\/div>\n\t\t\t\t<div class=\"icon-box-text last-reset\">\n\t\t\t\t\t\t\t\t\t\n\t<div id=\"text-1291948714\" class=\"text\">\n\t\t\n<p class=\"mb-0\"><strong>Kontrola tla\u010dne opreme<\/strong><\/p>\n\t\t\n<style>\n#text-1291948714 {\n  font-size: 1.1rem;\n}\n<\/style>\n\t<\/div>\n\t\n\t\t<\/div>\n\t<\/div>\n\t<\/a>\n\t\n\t\t<\/div>\n\t\t\t\t\n<style>\n#col-2133063520 > .col-inner {\n  margin: 15px 0px 0px 0px;\n}\n@media (min-width:550px) {\n  #col-2133063520 > .col-inner {\n    margin: 0px 0px 0px 0px;\n  }\n}\n<\/style>\n\t<\/div>\n\n\t\n<\/div>\n\t\t<\/div>\n\t\t\t\t\n<style>\n#col-2016715655 > .col-inner {\n  padding: 0px 0px 0px 0px;\n}\n@media (min-width:550px) {\n  #col-2016715655 > .col-inner {\n    padding: 0px 0px 0px 0px;\n  }\n}\n@media (min-width:850px) {\n  #col-2016715655 > .col-inner {\n    padding: 0px 75px 0px 0px;\n  }\n}\n<\/style>\n\t<\/div>\n\n\t\n\n\t<div id=\"col-1588422719\" class=\"col stck hide-for-medium medium-4 small-12 large-3 small-col-first\"  >\n\t\t<div class=\"is-sticky-column\"><div class=\"is-sticky-column__inner\">\t\t<div class=\"col-inner\"  >\n\t\t\t\n\t\t\t\n<ul class=\"page-menu\">\n<li><a href=\"#vam-je-zmanjkalo-plina\">Ponestalo vam je plina?<\/a><\/li>\n<li><a href=\"#pomoc-in-podpora\">Pomo\u0107 i podr\u0161ka<\/a><\/li>\n<li><a href=\"#splosni-pogoji-in-zakonodaja2\">Propisi, sigurnost i odr\u017eavanje<\/a><\/li>\n<li><a href=\"#predpisi-varnost-in-vzdrzevanje2\">Op\u0107i uvjeti i zakonodavstvo<\/a><\/li>\n<li><a href=\"#nasveti-za-varcno-ogrevanje2\">Savjeti za ekonomi\u010dno grijanje<\/a><\/li>\n<li><a href=\"#racuni2\">Ra\u010duni<\/a><\/li>\n<li><a href=\"#kontrola-tlacne-opreme2\">Kontrola tla\u010dne opreme<\/a><\/li>\n<\/ul>\n\t\t<\/div>\n\t\t<\/div><\/div>\t\t\t<\/div>\n\n\t\n<\/div>\n\t\t<\/div>\n\n\t\t\n<style>\n#section_1564845571 {\n  padding-top: 65px;\n  padding-bottom: 65px;\n}\n@media (min-width:550px) {\n  #section_1564845571 {\n    padding-top: 65px;\n    padding-bottom: 65px;\n  }\n}\n@media (min-width:850px) {\n  #section_1564845571 {\n    padding-top: 100px;\n    padding-bottom: 100px;\n  }\n}\n<\/style>\n\t<\/section>\n\t\n\n\t<section class=\"section\" id=\"section_1470295471\">\n\t\t<div class=\"section-bg fill\" >\n\t\t\t\t\t\t\t\t\t\n\t\t\t\n\n\t\t<\/div>\n\n\t\t\n\n\t\t<div class=\"section-content relative\">\n\t\t\t\n\n<div class=\"row\"  id=\"row-1236313678\">\n\n\n\t<div id=\"col-226200500\" class=\"col pb-0 medium-12 small-12 large-5\"  >\n\t\t\t\t<div class=\"col-inner\"  >\n\t\t\t\n\t\t\t\n\n<h2 class=\"s-tit\">Have you found everything you needed?<\/h2>\n\n\t\t<\/div>\n\t\t\t\t\t<\/div>\n\n\t\n\n\t<div id=\"col-805090262\" class=\"col pb-0 medium-12 small-12 large-7\"  >\n\t\t\t\t<div class=\"col-inner\"  >\n\t\t\t\n\t\t\t\n\n<p class=\"cta-desc\">If you need any information and assistance on how to use our products, feel free to contact us<\/p>\n<a href=\"\/en\/contact\/ask-more\/\" class=\"button primary btn-green ask-us\" >\n\t\t<span>CONTACT US<\/span>\n\t<\/a>\n\n\n<a href=\"tel:+385047609208\" class=\"button primary btn-out cont\" >\n\t\t<span>+385 (0)47 609 208<\/span>\n\t<\/a>\n\n\n\n\t\t<\/div>\n\t\t\t\t\t<\/div>\n\n\t\n\n<\/div>\n\t<div id=\"gap-986263448\" class=\"gap-element clearfix\" style=\"display:block; height:auto;\">\n\t\t\n<style>\n#gap-986263448 {\n  padding-top: 100px;\n}\n<\/style>\n\t<\/div>\n\t\n\n\n\t\t<\/div>\n\n\t\t\n<style>\n#section_1470295471 {\n  padding-top: 65px;\n  padding-bottom: 65px;\n  background-color: rgb(248, 248, 248);\n}\n@media (min-width:850px) {\n  #section_1470295471 {\n    padding-top: 100px;\n    padding-bottom: 100px;\n  }\n}\n<\/style>\n\t<\/section>\n\t\n","protected":false},"excerpt":{"rendered":"","protected":false},"author":1,"featured_media":0,"parent":2857,"menu_order":0,"comment_status":"closed","ping_status":"closed","template":"","meta":{"footnotes":""},"class_list":["post-2858","page","type-page","status-publish","hentry"],"_links":{"self":[{"href":"https:\/\/www.istrabenzplini.hr\/en\/wp-json\/wp\/v2\/pages\/2858","targetHints":{"allow":["GET"]}}],"collection":[{"href":"https:\/\/www.istrabenzplini.hr\/en\/wp-json\/wp\/v2\/pages"}],"about":[{"href":"https:\/\/www.istrabenzplini.hr\/en\/wp-json\/wp\/v2\/types\/page"}],"author":[{"embeddable":true,"href":"https:\/\/www.istrabenzplini.hr\/en\/wp-json\/wp\/v2\/users\/1"}],"replies":[{"embeddable":true,"href":"https:\/\/www.istrabenzplini.hr\/en\/wp-json\/wp\/v2\/comments?post=2858"}],"version-history":[{"count":0,"href":"https:\/\/www.istrabenzplini.hr\/en\/wp-json\/wp\/v2\/pages\/2858\/revisions"}],"up":[{"embeddable":true,"href":"https:\/\/www.istrabenzplini.hr\/en\/wp-json\/wp\/v2\/pages\/2857"}],"wp:attachment":[{"href":"https:\/\/www.istrabenzplini.hr\/en\/wp-json\/wp\/v2\/media?parent=2858"}],"curies":[{"name":"wp","href":"https:\/\/api.w.org\/{rel}","templated":true}]}}