{"id":2854,"date":"2023-04-19T11:23:45","date_gmt":"2023-04-19T09:23:45","guid":{"rendered":"https:\/\/istrabenzplini.pakt.si\/?page_id=2854"},"modified":"2024-08-20T13:47:20","modified_gmt":"2024-08-20T11:47:20","slug":"which-cylinder-to-choose","status":"publish","type":"page","link":"https:\/\/www.istrabenzplini.hr\/en\/lpg-in-cylinders\/for-companies\/which-cylinder-to-choose\/","title":{"rendered":"Which cylinder to choose?"},"content":{"rendered":"\n\t<section class=\"section\" id=\"section_1960184205\">\n\t\t<div class=\"section-bg fill\" >\n\t\t\t<img loading=\"lazy\" decoding=\"async\" width=\"2000\" height=\"1196\" src=\"https:\/\/www.istrabenzplini.hr\/wp-content\/uploads\/za-podjetja-1.jpg\" class=\"bg attachment-original size-original\" alt=\"\" title=\"\">\t\t\t\t\t\t<div class=\"section-bg-overlay absolute fill\"><\/div>\n\t\t\t\n\n\t\t<\/div>\n\n\t\t\n\n\t\t<div class=\"section-content relative\">\n\t\t\t\n<div class=\"row\"  id=\"row-369452860\">\n\n\t<div id=\"col-935698204\" class=\"col pb-0 mainsec-pl medium-12 small-12 large-7\"  >\n\t\t\t\t<div class=\"col-inner\"  >\n\t\t\t\n\t\t\t\n<div class=\"row\"  id=\"row-697066761\">\n\n\t<div id=\"col-279707750\" class=\"col pb-0 col-mainsec small-12 large-12\"  >\n\t\t\t\t<div class=\"col-inner\"  >\n\t\t\t\n\t\t\t\n\t<div id=\"text-806318589\" class=\"text\">\n\t\t\n<h1 class=\"main-tit\">Koju bocu odabrati?<\/h1>\n<p class=\"main-desc bigger\">Odaberite bocu koja najbolje odgovara potro\u0161nji plina u va\u0161em poduze\u0107u. Dostupne su vam boce s uobi\u010dajenim priklju\u010dkom ili priklju\u010dkom za brzo spajanje.<\/p>\n\t\t\n<style>\n#text-806318589 {\n  color: rgb(255,255,255);\n}\n#text-806318589 > * {\n  color: rgb(255,255,255);\n}\n<\/style>\n\t<\/div>\n\t\n\t\t<\/div>\n\t\t\t\t\t<\/div>\n\n\t\n<\/div>\n\t\t<\/div>\n\t\t\t\t\t<\/div>\n\n\t\n<\/div>\n\t\t<\/div>\n\n\t\t\n<style>\n#section_1960184205 {\n  padding-top: 65px;\n  padding-bottom: 65px;\n  min-height: 0vh;\n}\n#section_1960184205 .section-bg-overlay {\n  background-color: rgba(8, 63, 136, 0.575);\n}\n#section_1960184205 .section-bg img {\n  object-position: 91% 63%;\n}\n@media (min-width:550px) {\n  #section_1960184205 {\n    padding-top: 65px;\n    padding-bottom: 65px;\n  }\n}\n@media (min-width:850px) {\n  #section_1960184205 {\n    padding-top: 100px;\n    padding-bottom: 100px;\n    min-height: 71vh;\n  }\n}\n<\/style>\n\t<\/section>\n\t\n<div class=\"row align-middle breadcrump\"  id=\"row-2058306002\">\n\n\t<div id=\"col-1078483987\" class=\"col pb-0 small-12 large-12\"  >\n\t\t\t\t<div class=\"col-inner\"  >\n\t\t\t\n\t\t\t\n\t\t<div class=\"pb-0\">\n\t\t\t\t\n<nav aria-label=\"breadcrumbs\" class=\"rank-math-breadcrumb\"><p><\/p><\/nav>\n\t\t<\/div>\n\t\n\t\t<\/div>\n\t\t\t\t\t<\/div>\n\n\t\n<\/div>\n<span class=\"scroll-to\" data-label=\"Scroll to: #brezplacna-uporaba\" data-bullet=\"false\" data-link=\"#brezplacna-uporaba\" data-title=\"Brezpla\u010dna uporaba plinskih jeklenk\"><a name=\"brezplacna-uporaba\"><\/a><\/span>\n\n\t<section class=\"section\" id=\"section_1764967104\">\n\t\t<div class=\"section-bg fill\" >\n\t\t\t\t\t\t\t\t\t\n\t\t\t\n\n\t\t<\/div>\n\n\t\t\n\n\t\t<div class=\"section-content relative\">\n\t\t\t\n<div class=\"row\"  id=\"row-32990985\">\n\n\t<div id=\"col-1978258465\" class=\"col pb-0 brd medium-12 small-12 large-9\"  >\n\t\t\t\t<div class=\"col-inner\"  >\n\t\t\t\n\t<div class=\"is-border\"\n\t\tstyle=\"border-width:0px 1px 0px 0px;margin:0px 1px 0px 0px;\">\n\t<\/div>\n\t\t\t\n<h2 class=\"s-tit bfr-blue\">Besplatna uporaba plinskih boca<\/h2>\n<p class=\"med\">Poslovni korisnici plina u boci dobivaju boce na besplatno kori\u0161tenje i ne moraju ih kupovati.<\/p>\n<span class=\"scroll-to\" data-label=\"Scroll to: #katero-jeklenko-izbrati\" data-bullet=\"false\" data-link=\"#katero-jeklenko-izbrati\" data-title=\"Katero jeklenko izbrati?\"><a name=\"katero-jeklenko-izbrati\"><\/a><\/span>\n\t<div id=\"gap-570200377\" class=\"gap-element clearfix\" style=\"display:block; height:auto;\">\n\t\t\n<style>\n#gap-570200377 {\n  padding-top: 30px;\n}\n<\/style>\n\t<\/div>\n\t\n\t<div class=\"img has-hover x md-x lg-x y md-y lg-y\" id=\"image_1710360096\">\n\t\t\t\t\t\t\t\t<div class=\"img-inner dark\" >\n\t\t\t<img loading=\"lazy\" decoding=\"async\" width=\"1217\" height=\"397\" src=\"https:\/\/www.istrabenzplini.hr\/wp-content\/uploads\/katero-jeklenko-izbrati.png\" class=\"attachment-original size-original\" alt=\"\" srcset=\"https:\/\/www.istrabenzplini.hr\/wp-content\/uploads\/katero-jeklenko-izbrati.png 1217w, https:\/\/www.istrabenzplini.hr\/wp-content\/uploads\/katero-jeklenko-izbrati-300x98.png 300w, https:\/\/www.istrabenzplini.hr\/wp-content\/uploads\/katero-jeklenko-izbrati-1024x334.png 1024w, https:\/\/www.istrabenzplini.hr\/wp-content\/uploads\/katero-jeklenko-izbrati-768x251.png 768w\" sizes=\"auto, (max-width: 1217px) 100vw, 1217px\" title=\"\">\t\t\t\t\t\t\n\t\t\t\t\t<\/div>\n\t\t\t\t\t\t\t\t\n<style>\n#image_1710360096 {\n  width: 100%;\n}\n<\/style>\n\t<\/div>\n\t\n<h2 class=\"s-tit bfr-blue\">Koju bocu odabrati?<\/h2>\n<p>Prilikom odabira boce obratite pa\u017enju na kapacitet boce i vrstu priklju\u010dka \u2013 boce mogu imati klasi\u010dan priklju\u010dak s navojem ili imati brzu spojnicu za jednostavnu zamjenu boce bez upotrebe alata.<\/p>\n<p><span style=\"text-decoration: underline;\">Odaberite bocu prema podru\u010dju primjene:<\/span><\/p>\n<h3><strong>Kuhanje, grijanje, poljoprivreda i industrija<\/strong><\/h3>\n<p>Istrabenz plini nude \u0161iroku paletu boca za uporabu u HORECA sektoru za kuhanje i pripremu hrane, grijanje prostorija i terasa s grijalicom gljivom, grijanje vode, kampiranje, u poljoprivredi za grijanje staklenika i suzbijanje korova, u radionicama za obradu metala i grijanje materijala, u gra\u0111evinarstvu za izolaciju i sli\u010dno.<\/p>\n\n\t\t<div class=\"icon-box featured-box aligning icon-box-left text-left\"  >\n\t\t\t\t\t<div class=\"icon-box-img\" style=\"width: 90px\">\n\t\t\t\t<div class=\"icon\">\n\t\t\t\t\t<div class=\"icon-inner\" >\n\t\t\t\t\t\t<img loading=\"lazy\" decoding=\"async\" width=\"250\" height=\"250\" src=\"https:\/\/www.istrabenzplini.hr\/wp-content\/uploads\/jeklenka-10kg.png\" class=\"attachment-medium size-medium\" alt=\"\" srcset=\"https:\/\/www.istrabenzplini.hr\/wp-content\/uploads\/jeklenka-10kg.png 250w, https:\/\/www.istrabenzplini.hr\/wp-content\/uploads\/jeklenka-10kg-150x150.png 150w\" sizes=\"auto, (max-width: 250px) 100vw, 250px\" title=\"\">\t\t\t\t\t<\/div>\n\t\t\t\t<\/div>\n\t\t\t<\/div>\n\t\t\t\t<div class=\"icon-box-text last-reset\">\n\t\t\t\t\t\t\t\t\t\n<p class=\"mb-0\"><strong>UNP boca 10kg &#8211; propan &#8211; butan<\/strong><\/p>\n\t\t<\/div>\n\t<\/div>\n\t\n\t\n\t<div id=\"gap-1193429046\" class=\"gap-element clearfix\" style=\"display:block; height:auto;\">\n\t\t\n<style>\n#gap-1193429046 {\n  padding-top: 10px;\n}\n<\/style>\n\t<\/div>\n\t\n<p><span style=\"font-weight: 400;\">Lako dostupna boca za raznovrsnu uporabu za profesionalnu i ku\u0107nu upotrebu.<\/span><\/p>\n\n\t\t<div class=\"icon-box featured-box aligning icon-box-left text-left\"  >\n\t\t\t\t\t<div class=\"icon-box-img\" style=\"width: 90px\">\n\t\t\t\t<div class=\"icon\">\n\t\t\t\t\t<div class=\"icon-inner\" >\n\t\t\t\t\t\t<img loading=\"lazy\" decoding=\"async\" width=\"250\" height=\"250\" src=\"https:\/\/www.istrabenzplini.hr\/wp-content\/uploads\/jeklenka-10kg.png\" class=\"attachment-medium size-medium\" alt=\"\" srcset=\"https:\/\/www.istrabenzplini.hr\/wp-content\/uploads\/jeklenka-10kg.png 250w, https:\/\/www.istrabenzplini.hr\/wp-content\/uploads\/jeklenka-10kg-150x150.png 150w\" sizes=\"auto, (max-width: 250px) 100vw, 250px\" title=\"\">\t\t\t\t\t<\/div>\n\t\t\t\t<\/div>\n\t\t\t<\/div>\n\t\t\t\t<div class=\"icon-box-text last-reset\">\n\t\t\t\t\t\t\t\t\t\n<p class=\"mb-0\"><strong>UNP boca 10 kg &#8211; propan<\/strong><\/p>\n\t\t<\/div>\n\t<\/div>\n\t\n\t\n\t<div id=\"gap-1961459653\" class=\"gap-element clearfix\" style=\"display:block; height:auto;\">\n\t\t\n<style>\n#gap-1961459653 {\n  padding-top: 10px;\n}\n<\/style>\n\t<\/div>\n\t\n<p><span style=\"font-weight: 400;\">Napunjena je propanom, zbog toga je posebno korisna na otvorenom, pri niskim temperaturama.<\/span><\/p>\n\n\t\t<div class=\"icon-box featured-box aligning icon-box-left text-left\"  >\n\t\t\t\t\t<div class=\"icon-box-img\" style=\"width: 90px\">\n\t\t\t\t<div class=\"icon\">\n\t\t\t\t\t<div class=\"icon-inner\" >\n\t\t\t\t\t\t<img loading=\"lazy\" decoding=\"async\" width=\"250\" height=\"250\" src=\"https:\/\/www.istrabenzplini.hr\/wp-content\/uploads\/jeklenka-35kg.png\" class=\"attachment-medium size-medium\" alt=\"\" srcset=\"https:\/\/www.istrabenzplini.hr\/wp-content\/uploads\/jeklenka-35kg.png 250w, https:\/\/www.istrabenzplini.hr\/wp-content\/uploads\/jeklenka-35kg-150x150.png 150w\" sizes=\"auto, (max-width: 250px) 100vw, 250px\" title=\"\">\t\t\t\t\t<\/div>\n\t\t\t\t<\/div>\n\t\t\t<\/div>\n\t\t\t\t<div class=\"icon-box-text last-reset\">\n\t\t\t\t\t\t\t\t\t\n<p class=\"mb-0\"><strong>UNP boca 35 kg s uobi\u010dajenim priklju\u010dkom<\/strong><\/p>\n\t\t<\/div>\n\t<\/div>\n\t\n\t\n\t<div id=\"gap-1655373304\" class=\"gap-element clearfix\" style=\"display:block; height:auto;\">\n\t\t\n<style>\n#gap-1655373304 {\n  padding-top: 10px;\n}\n<\/style>\n\t<\/div>\n\t\n<p><span style=\"font-weight: 400;\">Napunjena je propanom, \u0161to je preporu\u010deni izbor za vanjsku uporabu, pri niskim temperaturama.<\/span><\/p>\n<h3><strong>Pogon vili\u010dara<\/strong><\/h3>\n\n\t\t<div class=\"icon-box featured-box aligning icon-box-left text-left\"  >\n\t\t\t\t\t<div class=\"icon-box-img\" style=\"width: 90px\">\n\t\t\t\t<div class=\"icon\">\n\t\t\t\t\t<div class=\"icon-inner\" >\n\t\t\t\t\t\t<img loading=\"lazy\" decoding=\"async\" width=\"250\" height=\"250\" src=\"https:\/\/www.istrabenzplini.hr\/wp-content\/uploads\/2023\/06\/jeklenka-alu-11kg.png\" class=\"attachment-medium size-medium\" alt=\"\" title=\"\">\t\t\t\t\t<\/div>\n\t\t\t\t<\/div>\n\t\t\t<\/div>\n\t\t\t\t<div class=\"icon-box-text last-reset\">\n\t\t\t\t\t\t\t\t\t\n<p class=\"mb-0\"><strong>UNP aluminijska boca 11 kg s brzim spojem &#8211; teku\u0107a faza<\/strong><\/p>\n\t\t<\/div>\n\t<\/div>\n\t\n\t\n\t<div id=\"gap-113422883\" class=\"gap-element clearfix\" style=\"display:block; height:auto;\">\n\t\t\n<style>\n#gap-113422883 {\n  padding-top: 10px;\n}\n<\/style>\n\t<\/div>\n\t\n<p><span style=\"font-weight: 400;\">Aluminijska boca od 11 kg opremljena je posebnim ventilom koji omogu\u0107uje isporuku teku\u0107e faze. Tako\u0111er je opremljena brzom spojnicom za jednostavnu zamjenu boce bez upotrebe alata. Napunjena je propanom, zbog toga je posebno korisna na otvorenom, pri niskim temperaturama.<\/span><\/p>\n\t<div id=\"gap-1849255839\" class=\"gap-element clearfix\" style=\"display:block; height:auto;\">\n\t\t\n<style>\n#gap-1849255839 {\n  padding-top: 30px;\n}\n<\/style>\n\t<\/div>\n\t\n<span class=\"scroll-to\" data-label=\"Scroll to: #kako-do-jeklenke\" data-bullet=\"false\" data-link=\"#kako-do-jeklenke\" data-title=\"Kako do jeklenke za poslovno uporabo\"><a name=\"kako-do-jeklenke\"><\/a><\/span>\n<h2 class=\"s-tit bfr-blue\">Kako do boce za poslovnu uporabu?<\/h2>\n<p><span style=\"font-weight: 400;\">Provjerite gdje mo\u017eete iznajmiti bocu za poslovnu upotrebu.<\/span><\/p>\n<a href=\"\/en\/lpg-in-cylinders\/for-companies\/how-to-get-a-commercial-cylinder\/\" class=\"button primary btn-green ask-us\" >\n\t\t<span>Kako do boce za poduze\u0107a<\/span>\n\t<\/a>\n\n\t<div id=\"gap-1143245603\" class=\"gap-element clearfix\" style=\"display:block; height:auto;\">\n\t\t\n<style>\n#gap-1143245603 {\n  padding-top: 30px;\n}\n<\/style>\n\t<\/div>\n\t\n<span class=\"scroll-to\" data-label=\"Scroll to: #ostala-ponudba\" data-bullet=\"false\" data-link=\"#ostala-ponudba\" data-title=\"Ostala ponudba\"><a name=\"ostala-ponudba\"><\/a><\/span>\n<h2 class=\"s-tit bfr-blue\">Ostala ponuda<\/h2>\n<p>Po \u017eelji nudimo i dodatne usluge za razli\u010dite boce:<\/p>\n<ul>\n<li><span>dostava na va\u0161u adresu,<\/span><\/li>\n<li><span>isporuka sitnih materijala (regulatori, cijevi, brtve, klju\u010devi, detektori),<\/span><\/li>\n<li><span>spajanje boca (na tro\u0161ilo),<\/span><\/li>\n<li><span>pregled instalacije i zamjena regulatora s plinskom cijevi (po preporuci stru\u010dnjaka na\u0161e slu\u017ebe podr\u0161ke),<\/span><\/li>\n<li><span>planiranje i izrada ponude za postavljanje plinske postaje.<\/span><\/li>\n<\/ul>\n\t<div id=\"gap-1655614756\" class=\"gap-element clearfix\" style=\"display:block; height:auto;\">\n\t\t\n<style>\n#gap-1655614756 {\n  padding-top: 30px;\n}\n<\/style>\n\t<\/div>\n\t\n<span class=\"scroll-to\" data-label=\"Scroll to: #oddajte-povprasevanje\" data-bullet=\"false\" data-link=\"#oddajte-povprasevanje\" data-title=\"Oddajte povpra\u0161evanje\"><a name=\"oddajte-povprasevanje\"><\/a><\/span>\n<h2 class=\"s-tit bfr-blue\">Po\u0161aljite upit<\/h2>\n<p><span style=\"font-weight: 400;\">Ispunite obrazac i dogovorite najam boce ili kupnju plina u boci.<\/span><\/p>\n<a href=\"\/en\/contact\/ask-more\/\" class=\"button primary btn-green ask-us\" >\n\t\t<span>PO\u0161aljite upit<\/span>\n\t<\/a>\n\n\t<div id=\"gap-235878869\" class=\"gap-element clearfix\" style=\"display:block; height:auto;\">\n\t\t\n<style>\n#gap-235878869 {\n  padding-top: 30px;\n}\n<\/style>\n\t<\/div>\n\t\n<span class=\"scroll-to\" data-label=\"Scroll to: #pomoc-in-podpora\" data-bullet=\"false\" data-link=\"#pomoc-in-podpora\" data-title=\"Pomo\u010d in podpora\"><a name=\"pomoc-in-podpora\"><\/a><\/span>\n<h2 class=\"s-tit bfr-blue\">Pomo\u0107 i podr\u0161ka<\/h2>\n<p><span style=\"text-decoration: underline;\"><span style=\"font-weight: 400;\">Potra\u017eite vi\u0161e informacija o UNP-u u bocama. Na jednom mjestu su dostupni:<\/span><\/span><\/p>\n<div class=\"row\"  id=\"row-1662751393\">\n\n\t<div id=\"col-1432301608\" class=\"col pb-0 medium-6 small-12 large-6\"  >\n\t\t\t\t<div class=\"col-inner\"  >\n\t\t\t\n\t\t\t\n<span class=\"scroll-to\" data-label=\"Scroll to: #splosni-pogoji-in-zakonodaja2\" data-bullet=\"false\" data-link=\"#splosni-pogoji-in-zakonodaja2\" data-title=\"Splo\u0161ni pogoji in zakonodaja\"><a name=\"splosni-pogoji-in-zakonodaja2\"><\/a><\/span>\n\n\t<a class=\"plain\" href=\"\/en\/help-and-support\/lpg-in-cylinders\/#predpisi-varnost-in-vzdrzevanje\" >\t<div class=\"icon-box featured-box aligning cta-grey icon-box-left text-left\"  >\n\t\t\t\t\t<div class=\"icon-box-img\" style=\"width: 90px\">\n\t\t\t\t<div class=\"icon\">\n\t\t\t\t\t<div class=\"icon-inner\" >\n\t\t\t\t\t\t<img loading=\"lazy\" decoding=\"async\" width=\"150\" height=\"150\" src=\"https:\/\/www.istrabenzplini.hr\/wp-content\/uploads\/2023\/08\/zakonodaja.png\" class=\"attachment-medium size-medium\" alt=\"\" title=\"\">\t\t\t\t\t<\/div>\n\t\t\t\t<\/div>\n\t\t\t<\/div>\n\t\t\t\t<div class=\"icon-box-text last-reset\">\n\t\t\t\t\t\t\t\t\t\n\t<div id=\"text-94878482\" class=\"text\">\n\t\t\n<p class=\"mb-0\"><strong>Op\u0107i uvjeti i zakonodavstvo<\/strong><\/p>\n\t\t\n<style>\n#text-94878482 {\n  font-size: 1.1rem;\n}\n<\/style>\n\t<\/div>\n\t\n\t\t<\/div>\n\t<\/div>\n\t<\/a>\n\t\n\t<div id=\"gap-608263483\" class=\"gap-element clearfix\" style=\"display:block; height:auto;\">\n\t\t\n<style>\n#gap-608263483 {\n  padding-top: 15px;\n}\n<\/style>\n\t<\/div>\n\t\n<span class=\"scroll-to\" data-label=\"Scroll to: #predpisi-varnost-in-vzdrzevanje2\" data-bullet=\"false\" data-link=\"#predpisi-varnost-in-vzdrzevanje2\" data-title=\"Predpisi, varnost in vzdr\u017eevanje\"><a name=\"predpisi-varnost-in-vzdrzevanje2\"><\/a><\/span>\n\n\t<a class=\"plain\" href=\"\/en\/help-and-support\/lpg-in-cylinders\/#splosni-pogoji-in-zakonodaja\" >\t<div class=\"icon-box featured-box aligning cta-grey icon-box-left text-left\"  >\n\t\t\t\t\t<div class=\"icon-box-img\" style=\"width: 90px\">\n\t\t\t\t<div class=\"icon\">\n\t\t\t\t\t<div class=\"icon-inner\" >\n\t\t\t\t\t\t<img loading=\"lazy\" decoding=\"async\" width=\"150\" height=\"150\" src=\"https:\/\/www.istrabenzplini.hr\/wp-content\/uploads\/2023\/08\/vzdrzevanje-1.png\" class=\"attachment-medium size-medium\" alt=\"\" title=\"\">\t\t\t\t\t<\/div>\n\t\t\t\t<\/div>\n\t\t\t<\/div>\n\t\t\t\t<div class=\"icon-box-text last-reset\">\n\t\t\t\t\t\t\t\t\t\n\t<div id=\"text-3788921096\" class=\"text\">\n\t\t\n<p class=\"mb-0\"><strong>Propisi, sigurnost i odr\u017eavanje<\/strong><\/p>\n\t\t\n<style>\n#text-3788921096 {\n  font-size: 1.1rem;\n}\n<\/style>\n\t<\/div>\n\t\n\t\t<\/div>\n\t<\/div>\n\t<\/a>\n\t\n\t<div id=\"gap-699893441\" class=\"gap-element clearfix\" style=\"display:block; height:auto;\">\n\t\t\n<style>\n#gap-699893441 {\n  padding-top: 15px;\n}\n<\/style>\n\t<\/div>\n\t\n<span class=\"scroll-to\" data-label=\"Scroll to: #vonj-po-plinu2\" data-bullet=\"false\" data-link=\"#vonj-po-plinu2\" data-title=\"Kako ravnati, \u010de zaznate vonj po plinu?\"><a name=\"vonj-po-plinu2\"><\/a><\/span>\n\n\t<a class=\"plain\" href=\"\/en\/help-and-support\/lpg-in-cylinders\/#vonj-po-plinu\" >\t<div class=\"icon-box featured-box aligning cta-grey icon-box-left text-left\"  >\n\t\t\t\t\t<div class=\"icon-box-img\" style=\"width: 90px\">\n\t\t\t\t<div class=\"icon\">\n\t\t\t\t\t<div class=\"icon-inner\" >\n\t\t\t\t\t\t<img loading=\"lazy\" decoding=\"async\" width=\"150\" height=\"150\" src=\"https:\/\/www.istrabenzplini.hr\/wp-content\/uploads\/2023\/08\/vonj.png\" class=\"attachment-medium size-medium\" alt=\"\" title=\"\">\t\t\t\t\t<\/div>\n\t\t\t\t<\/div>\n\t\t\t<\/div>\n\t\t\t\t<div class=\"icon-box-text last-reset\">\n\t\t\t\t\t\t\t\t\t\n\t<div id=\"text-1066145317\" class=\"text\">\n\t\t\n<p class=\"mb-0\"><strong>\u0160to u\u010diniti ako primijetite miris plina?<\/strong><\/p>\n\t\t\n<style>\n#text-1066145317 {\n  font-size: 1.1rem;\n}\n<\/style>\n\t<\/div>\n\t\n\t\t<\/div>\n\t<\/div>\n\t<\/a>\n\t\n\t\t<\/div>\n\t\t\t\t\t<\/div>\n\n\t\n\n\t<div id=\"col-999828331\" class=\"col pb-0 medium-6 small-12 large-6\"  >\n\t\t\t\t<div class=\"col-inner\"  >\n\t\t\t\n\t\t\t\n<span class=\"scroll-to\" data-label=\"Scroll to: #varna-uporaba-plina-v-jeklenkah2\" data-bullet=\"false\" data-link=\"#varna-uporaba-plina-v-jeklenkah2\" data-title=\"Varna uporaba plina v jeklenkah\"><a name=\"varna-uporaba-plina-v-jeklenkah2\"><\/a><\/span>\n\n\t<a class=\"plain\" href=\"\/en\/help-and-support\/lpg-in-cylinders\/#varna-uporaba-plina-v-jeklenkah\" >\t<div class=\"icon-box featured-box aligning cta-grey icon-box-left text-left\"  >\n\t\t\t\t\t<div class=\"icon-box-img\" style=\"width: 90px\">\n\t\t\t\t<div class=\"icon\">\n\t\t\t\t\t<div class=\"icon-inner\" >\n\t\t\t\t\t\t<img loading=\"lazy\" decoding=\"async\" width=\"150\" height=\"150\" src=\"https:\/\/www.istrabenzplini.hr\/wp-content\/uploads\/2023\/06\/01-varna-jeklenka.png\" class=\"attachment-medium size-medium\" alt=\"\" title=\"\">\t\t\t\t\t<\/div>\n\t\t\t\t<\/div>\n\t\t\t<\/div>\n\t\t\t\t<div class=\"icon-box-text last-reset\">\n\t\t\t\t\t\t\t\t\t\n\t<div id=\"text-317285714\" class=\"text\">\n\t\t\n<p class=\"mb-0\"><strong>Sigurna uporaba plina u bocama<\/strong><\/p>\n\t\t\n<style>\n#text-317285714 {\n  font-size: 1.1rem;\n}\n<\/style>\n\t<\/div>\n\t\n\t\t<\/div>\n\t<\/div>\n\t<\/a>\n\t\n\t\t<\/div>\n\t\t\t\t\n<style>\n#col-999828331 > .col-inner {\n  margin: 15px 0px 0px 0px;\n}\n@media (min-width:550px) {\n  #col-999828331 > .col-inner {\n    margin: 0px 0px 0px 0px;\n  }\n}\n<\/style>\n\t<\/div>\n\n\t\n<\/div>\n\t\t<\/div>\n\t\t\t\t\n<style>\n#col-1978258465 > .col-inner {\n  padding: 0px 0px 0px 0px;\n}\n@media (min-width:550px) {\n  #col-1978258465 > .col-inner {\n    padding: 0px 0px 0px 0px;\n  }\n}\n@media (min-width:850px) {\n  #col-1978258465 > .col-inner {\n    padding: 0px 75px 0px 0px;\n  }\n}\n<\/style>\n\t<\/div>\n\n\t\n\n\t<div id=\"col-1072937426\" class=\"col stck hide-for-medium medium-4 small-12 large-3 small-col-first\"  >\n\t\t<div class=\"is-sticky-column\"><div class=\"is-sticky-column__inner\">\t\t<div class=\"col-inner\"  >\n\t\t\t\n\t\t\t\n<ul class=\"page-menu\">\n<li><a href=\"#brezplacna-uporaba\">Besplatna uporaba plinskih boca<\/a><\/li>\n<li><a href=\"#katero-jeklenko-izbrati\">Koju bocu odabrati?<\/a><\/li>\n<li><a href=\"#kako-do-jeklenke\">Kako do boce za poslovnu uporabu?<\/a><\/li>\n<li><a href=\"#ostala-ponudba\">Ostala ponuda<\/a><\/li>\n<li><a href=\"#oddajte-povprasevanje\">Po\u0161aljite upit<\/a><\/li>\n<li><a href=\"#pomoc-in-podpora\">Pomo\u0107 i podr\u0161ka<\/a><\/li>\n<li><a href=\"#splosni-pogoji-in-zakonodaja2\">Op\u0107i uvjeti i zakonodavstvo<\/a><\/li>\n<li><a href=\"#predpisi-varnost-in-vzdrzevanje2\">Propisi, sigurnost i odr\u017eavanje<\/a><\/li>\n<li><a href=\"#vonj-po-plinu2\">\u0160to u\u010diniti ako primijetite miris plina?<\/a><\/li>\n<li><a href=\"#varna-uporaba-plina-v-jeklenkah2\">Sigurna uporaba plina u bocama<\/a><\/li>\n<\/ul>\n\t\t<\/div>\n\t\t<\/div><\/div>\t\t\t<\/div>\n\n\t\n<\/div>\n\t\t<\/div>\n\n\t\t\n<style>\n#section_1764967104 {\n  padding-top: 65px;\n  padding-bottom: 65px;\n}\n@media (min-width:550px) {\n  #section_1764967104 {\n    padding-top: 65px;\n    padding-bottom: 65px;\n  }\n}\n@media (min-width:850px) {\n  #section_1764967104 {\n    padding-top: 100px;\n    padding-bottom: 100px;\n  }\n}\n<\/style>\n\t<\/section>\n\t\n\n\t<section class=\"section\" id=\"section_1789699337\">\n\t\t<div class=\"section-bg fill\" >\n\t\t\t\t\t\t\t\t\t\n\t\t\t\n\n\t\t<\/div>\n\n\t\t\n\n\t\t<div class=\"section-content relative\">\n\t\t\t\n\n<div class=\"row\"  id=\"row-142156872\">\n\n\n\t<div id=\"col-1012567058\" class=\"col pb-0 medium-12 small-12 large-5\"  >\n\t\t\t\t<div class=\"col-inner\"  >\n\t\t\t\n\t\t\t\n\n<h2 class=\"s-tit\">Have you found everything you needed?<\/h2>\n\n\t\t<\/div>\n\t\t\t\t\t<\/div>\n\n\t\n\n\t<div id=\"col-1114413929\" class=\"col pb-0 medium-12 small-12 large-7\"  >\n\t\t\t\t<div class=\"col-inner\"  >\n\t\t\t\n\t\t\t\n\n<p class=\"cta-desc\">If you need any information and assistance on how to use our products, feel free to contact us<\/p>\n<a href=\"\/en\/contact\/ask-more\/\" class=\"button primary btn-green ask-us\" >\n\t\t<span>CONTACT US<\/span>\n\t<\/a>\n\n\n<a href=\"tel:+385047609208\" class=\"button primary btn-out cont\" >\n\t\t<span>+385 (0)47 609 208<\/span>\n\t<\/a>\n\n\n\n\t\t<\/div>\n\t\t\t\t\t<\/div>\n\n\t\n\n<\/div>\n\t<div id=\"gap-1471037238\" class=\"gap-element clearfix\" style=\"display:block; height:auto;\">\n\t\t\n<style>\n#gap-1471037238 {\n  padding-top: 100px;\n}\n<\/style>\n\t<\/div>\n\t\n\n\n\t\t<\/div>\n\n\t\t\n<style>\n#section_1789699337 {\n  padding-top: 65px;\n  padding-bottom: 65px;\n  background-color: rgb(248, 248, 248);\n}\n@media (min-width:850px) {\n  #section_1789699337 {\n    padding-top: 100px;\n    padding-bottom: 100px;\n  }\n}\n<\/style>\n\t<\/section>\n\t\n","protected":false},"excerpt":{"rendered":"","protected":false},"author":1,"featured_media":0,"parent":2852,"menu_order":0,"comment_status":"closed","ping_status":"closed","template":"","meta":{"footnotes":""},"class_list":["post-2854","page","type-page","status-publish","hentry"],"_links":{"self":[{"href":"https:\/\/www.istrabenzplini.hr\/en\/wp-json\/wp\/v2\/pages\/2854","targetHints":{"allow":["GET"]}}],"collection":[{"href":"https:\/\/www.istrabenzplini.hr\/en\/wp-json\/wp\/v2\/pages"}],"about":[{"href":"https:\/\/www.istrabenzplini.hr\/en\/wp-json\/wp\/v2\/types\/page"}],"author":[{"embeddable":true,"href":"https:\/\/www.istrabenzplini.hr\/en\/wp-json\/wp\/v2\/users\/1"}],"replies":[{"embeddable":true,"href":"https:\/\/www.istrabenzplini.hr\/en\/wp-json\/wp\/v2\/comments?post=2854"}],"version-history":[{"count":0,"href":"https:\/\/www.istrabenzplini.hr\/en\/wp-json\/wp\/v2\/pages\/2854\/revisions"}],"up":[{"embeddable":true,"href":"https:\/\/www.istrabenzplini.hr\/en\/wp-json\/wp\/v2\/pages\/2852"}],"wp:attachment":[{"href":"https:\/\/www.istrabenzplini.hr\/en\/wp-json\/wp\/v2\/media?parent=2854"}],"curies":[{"name":"wp","href":"https:\/\/api.w.org\/{rel}","templated":true}]}}