{"id":2796,"date":"2023-04-19T11:54:55","date_gmt":"2023-04-19T09:54:55","guid":{"rendered":"https:\/\/istrabenzplini.pakt.si\/?page_id=2796"},"modified":"2025-10-03T14:08:48","modified_gmt":"2025-10-03T12:08:48","slug":"identity-card","status":"publish","type":"page","link":"https:\/\/www.istrabenzplini.hr\/en\/about-the-company\/identity-card\/","title":{"rendered":"Identity card"},"content":{"rendered":"\n\t<section class=\"section\" id=\"section_2038053986\">\n\t\t<div class=\"section-bg fill\" >\n\t\t\t<img loading=\"lazy\" decoding=\"async\" width=\"2000\" height=\"1196\" src=\"https:\/\/www.istrabenzplini.hr\/wp-content\/uploads\/2024\/01\/Vodstvo-in-lastnistvo.jpg\" class=\"bg attachment-original size-original\" alt=\"\" title=\"\">\t\t\t\t\t\t<div class=\"section-bg-overlay absolute fill\"><\/div>\n\t\t\t\n\n\t\t<\/div>\n\n\t\t\n\n\t\t<div class=\"section-content relative\">\n\t\t\t\n<div class=\"row\"  id=\"row-1040001653\">\n\n\t<div id=\"col-1278966973\" class=\"col pb-0 mainsec-pl medium-12 small-12 large-7\"  >\n\t\t\t\t<div class=\"col-inner\"  >\n\t\t\t\n\t\t\t\n<div class=\"row\"  id=\"row-1097719189\">\n\n\t<div id=\"col-1029904025\" class=\"col pb-0 col-mainsec small-12 large-12\"  >\n\t\t\t\t<div class=\"col-inner\"  >\n\t\t\t\n\t\t\t\n\t<div id=\"text-3746541177\" class=\"text\">\n\t\t\n<h1 class=\"main-tit\">Identity card<\/h1>\n\t\t\n<style>\n#text-3746541177 {\n  color: rgb(255,255,255);\n}\n#text-3746541177 > * {\n  color: rgb(255,255,255);\n}\n<\/style>\n\t<\/div>\n\t\n\t\t<\/div>\n\t\t\t\t\t<\/div>\n\n\t\n<\/div>\n\t\t<\/div>\n\t\t\t\t\t<\/div>\n\n\t\n<\/div>\n\t\t<\/div>\n\n\t\t\n<style>\n#section_2038053986 {\n  padding-top: 65px;\n  padding-bottom: 65px;\n  min-height: 0vh;\n}\n#section_2038053986 .section-bg-overlay {\n  background-color: rgba(8, 63, 136, 0.575);\n}\n#section_2038053986 .section-bg img {\n  object-position: 100% 87%;\n}\n@media (min-width:550px) {\n  #section_2038053986 {\n    padding-top: 65px;\n    padding-bottom: 65px;\n  }\n}\n@media (min-width:850px) {\n  #section_2038053986 {\n    padding-top: 100px;\n    padding-bottom: 100px;\n    min-height: 80vh;\n  }\n}\n<\/style>\n\t<\/section>\n\t\n<div class=\"row align-middle breadcrump\"  id=\"row-1701540134\">\n\n\t<div id=\"col-1702689305\" class=\"col pb-0 small-12 large-12\"  >\n\t\t\t\t<div class=\"col-inner\"  >\n\t\t\t\n\t\t\t\n\t\t<div class=\"pb-0\">\n\t\t\t\t\n<nav aria-label=\"breadcrumbs\" class=\"rank-math-breadcrumb\"><p><\/p><\/nav>\n\t\t<\/div>\n\t\n\t\t<\/div>\n\t\t\t\t\t<\/div>\n\n\t\n<\/div>\n\n\t<section class=\"section\" id=\"section_644923876\">\n\t\t<div class=\"section-bg fill\" >\n\t\t\t\t\t\t\t\t\t\n\t\t\t\n\n\t\t<\/div>\n\n\t\t\n\n\t\t<div class=\"section-content relative\">\n\t\t\t\n<div class=\"row\"  id=\"row-511593568\">\n\n\t<div id=\"col-1833037073\" class=\"col pb-0 medium-12 small-12 large-12\"  >\n\t\t\t\t<div class=\"col-inner\"  >\n\t\t\t\n\t<div class=\"is-border\"\n\t\tstyle=\"border-width:0px 0px 0px 1px;\">\n\t<\/div>\n\t\t\t\n<p><span style=\"text-decoration: underline;\"><strong>Company:<\/strong><\/span> <span style=\"font-weight: 400;\">ISTRABENZ PLINI proizvodnja i distribucija industrijskih plinova dru\u0161tvo s ograni\u010denom odgovorno\u0161\u0107u<\/span><\/p>\n<p><span style=\"text-decoration: underline;\"><strong>Abbreviated company name:<\/strong><\/span> <span style=\"font-weight: 400;\">ISTRABENZ PLINI d. o. o.<\/span><\/p>\n<p><span style=\"text-decoration: underline;\"><strong>Registered office:<\/strong><\/span> Bakar<\/p>\n<p><span style=\"text-decoration: underline;\"><strong>Business address:<\/strong><\/span> Pristani\u0161te Podbok 3, 51222 BAKAR<\/p>\n<p><span style=\"text-decoration: underline;\"><strong>E-mail address:<\/strong><\/span>\u00a0<a href=\"mailto:info@istrabenzplini.hr\" target=\"_blank\" rel=\"noopener\" data-rawhref=\"mailto:info@istrabenzplini.hr\">info@istrabenzplini.hr<\/a><\/p>\n<p><span style=\"text-decoration: underline;\"><strong>Transaction account:<\/strong><\/span><\/p>\n<ul>\n<li>Privredna banka Zagreb HR0923400091117022579<\/li>\n<li>Zagreba\u010dka banka HR5623600001103113432<\/li>\n<\/ul>\n<p><span style=\"text-decoration: underline;\"><strong>Registration number:<\/strong><\/span> 03326152<\/p>\n<p><span style=\"text-decoration: underline;\"><strong>Tax number:<\/strong><\/span> HR98426608580<\/p>\n<p><span style=\"text-decoration: underline;\"><strong>Entry number in the court register:<\/strong><\/span> MBS040055842<\/p>\n<p><span style=\"text-decoration: underline;\"><strong>Date of entry in the court register:<\/strong><\/span> 15.10.1993.<\/p>\n<p><span style=\"text-decoration: underline;\"><strong>Main activity:<\/strong><\/span> 2011 Industrial gas production<\/p>\n<p><span style=\"text-decoration: underline;\"><strong>The company&#8217;s share capital:<\/strong><\/span> <span style=\"font-weight: 400;\">EUR 6.497.490,00<\/span><\/p>\n<p><span style=\"text-decoration: underline;\"><strong>Parent company:<\/strong><\/span><\/p>\n<ul>\n<li>ISTRABENZ PLINI, plini in plinske tehnologije d.o.o., Kopar, Slovenija<\/li>\n<\/ul>\n<p><span style=\"text-decoration: underline;\"><strong>Parent company equity interest:<\/strong><\/span> 100%<\/p>\n<p><span style=\"text-decoration: underline;\"><strong>Number of employees (31 December 2024):<\/strong><\/span>\u00a0<br \/><span style=\"font-weight: 400;\">62 in the company, 404 in the Istrabenz Plini Group<\/span><\/p>\n<p><span style=\"text-decoration: underline;\"><strong>Management:<\/strong><\/span>\u00a0<\/p>\n<ul>\n<li>Igor Konrad, Member of the board<\/li>\n<li>Dragan \u010ci\u010dak, Procurator<\/li>\n<li>\u017deljko Bjelan, Procurator<\/li>\n<\/ul>\n\t\t<\/div>\n\t\t\t\t\n<style>\n#col-1833037073 > .col-inner {\n  padding: 0px 0px 0px 25px;\n}\n@media (min-width:550px) {\n  #col-1833037073 > .col-inner {\n    padding: 0px 75px 0px 25px;\n  }\n}\n<\/style>\n\t<\/div>\n\n\t\n<\/div>\n\t\t<\/div>\n\n\t\t\n<style>\n#section_644923876 {\n  padding-top: 65px;\n  padding-bottom: 65px;\n}\n@media (min-width:550px) {\n  #section_644923876 {\n    padding-top: 65px;\n    padding-bottom: 65px;\n  }\n}\n@media (min-width:850px) {\n  #section_644923876 {\n    padding-top: 100px;\n    padding-bottom: 100px;\n  }\n}\n<\/style>\n\t<\/section>\n\t\n\n\t<section class=\"section\" id=\"section_1609651692\">\n\t\t<div class=\"section-bg fill\" >\n\t\t\t\t\t\t\t\t\t\n\t\t\t\n\n\t\t<\/div>\n\n\t\t\n\n\t\t<div class=\"section-content relative\">\n\t\t\t\n\n<div class=\"row\"  id=\"row-810671811\">\n\n\n\t<div id=\"col-1887602470\" class=\"col pb-0 medium-12 small-12 large-5\"  >\n\t\t\t\t<div class=\"col-inner\"  >\n\t\t\t\n\t\t\t\n\n<h2 class=\"s-tit\">Have you found everything you needed?<\/h2>\n\n\t\t<\/div>\n\t\t\t\t\t<\/div>\n\n\t\n\n\t<div id=\"col-2020503120\" class=\"col pb-0 medium-12 small-12 large-7\"  >\n\t\t\t\t<div class=\"col-inner\"  >\n\t\t\t\n\t\t\t\n\n<p class=\"cta-desc\">If you need any information and assistance on how to use our products, feel free to contact us<\/p>\n<a href=\"\/en\/contact\/ask-more\/\" class=\"button primary btn-green ask-us\" >\n\t\t<span>CONTACT US<\/span>\n\t<\/a>\n\n\n<a href=\"tel:+385047609208\" class=\"button primary btn-out cont\" >\n\t\t<span>+385 (0)47 609 208<\/span>\n\t<\/a>\n\n\n\n\t\t<\/div>\n\t\t\t\t\t<\/div>\n\n\t\n\n<\/div>\n\t<div id=\"gap-1401148270\" class=\"gap-element clearfix\" style=\"display:block; height:auto;\">\n\t\t\n<style>\n#gap-1401148270 {\n  padding-top: 100px;\n}\n<\/style>\n\t<\/div>\n\t\n\n\n\t\t<\/div>\n\n\t\t\n<style>\n#section_1609651692 {\n  padding-top: 65px;\n  padding-bottom: 65px;\n  background-color: rgb(248, 248, 248);\n}\n@media (min-width:850px) {\n  #section_1609651692 {\n    padding-top: 100px;\n    padding-bottom: 100px;\n  }\n}\n<\/style>\n\t<\/section>\n\t\n","protected":false},"excerpt":{"rendered":"","protected":false},"author":1,"featured_media":0,"parent":2791,"menu_order":0,"comment_status":"closed","ping_status":"closed","template":"","meta":{"footnotes":""},"class_list":["post-2796","page","type-page","status-publish","hentry"],"_links":{"self":[{"href":"https:\/\/www.istrabenzplini.hr\/en\/wp-json\/wp\/v2\/pages\/2796","targetHints":{"allow":["GET"]}}],"collection":[{"href":"https:\/\/www.istrabenzplini.hr\/en\/wp-json\/wp\/v2\/pages"}],"about":[{"href":"https:\/\/www.istrabenzplini.hr\/en\/wp-json\/wp\/v2\/types\/page"}],"author":[{"embeddable":true,"href":"https:\/\/www.istrabenzplini.hr\/en\/wp-json\/wp\/v2\/users\/1"}],"replies":[{"embeddable":true,"href":"https:\/\/www.istrabenzplini.hr\/en\/wp-json\/wp\/v2\/comments?post=2796"}],"version-history":[{"count":0,"href":"https:\/\/www.istrabenzplini.hr\/en\/wp-json\/wp\/v2\/pages\/2796\/revisions"}],"up":[{"embeddable":true,"href":"https:\/\/www.istrabenzplini.hr\/en\/wp-json\/wp\/v2\/pages\/2791"}],"wp:attachment":[{"href":"https:\/\/www.istrabenzplini.hr\/en\/wp-json\/wp\/v2\/media?parent=2796"}],"curies":[{"name":"wp","href":"https:\/\/api.w.org\/{rel}","templated":true}]}}